{"id":262,"date":"2022-11-17T19:19:27","date_gmt":"2022-11-17T19:19:27","guid":{"rendered":"https:\/\/pure-vibration.com\/shop\/?page_id=262"},"modified":"2022-11-17T19:25:55","modified_gmt":"2022-11-17T19:25:55","slug":"splosni-pogoji-poslovanja","status":"publish","type":"page","link":"https:\/\/pure-vibration.com\/shop\/splosni-pogoji-poslovanja\/","title":{"rendered":"Splo\u0161ni pogoji poslovanja"},"content":{"rendered":"\n<p><em>Veljavni od dne 1. 11. 2022<\/em><em><\/em><\/p>\n\n\n\n<p>Ponudnik in njegov sede\u017e:<\/p>\n\n\n\n<p>LYBRA Brigita Marenti\u010d sp<br>Alja\u017eeva 22<br>1000 Ljubljana<br>Slovenija<\/p>\n\n\n\n<p>Dav\u010dna \u0161tevilka: 28511913<br>Mati\u010dna \u0161tevilka:&nbsp;3067467<br><br>IBAN: SI56 3000 0001 0565 179 (N Banka d.d.)<br>SWIFT KODA: SABRSI2X<\/p>\n\n\n\n<p>E-naslov in tel. \u0161t. za klice:<br>info@pure-vibration.com, 040 416 022<\/p>\n\n\n\n<p>Vsebina spletne strani PURE VIBRATION SHOP je last podjetja LYBRA Brigita Marenti\u010d sp, Alja\u017eeva 22, 1000 Ljubljana. Z uporabo spletnih strani PURE VIBRATION SHOP uporabniki sprejemajo objavljene splo\u0161ne pogoje poslovanja.<\/p>\n\n\n\n<p>LYBRA Brigita Marenti\u010d sp si pridr\u017euje pravico do spremembe splo\u0161nih pogojev na spletni strani\/v spletni trgovini PURE VIBRATION SHOP&nbsp;kadarkoli in brez predhodnega obvestila. Vse spremembe splo\u0161nih pogojev so za uporabnike zavezujo\u010de.<\/p>\n\n\n\n<p><br>Splo\u0161ni pogoji poslovanja spletne trgovine PURE VIBRATION SHOP so sestavljeni v skladu z Zakonom o varstvu potro\u0161nikov (ZVPot) in mednarodnimi kodeksi za e-poslovanje. Spletna trgovina PURE VIBRATION SHOP je namenjena predstavitvi in prodaji izdelkov vsem fizi\u010dnim in pravnim osebam. Naro\u010danje v spletni trgovini poteka v slovenskem jeziku prek spleta 24 ur na dan, vse dni v letu. Kupci lahko izbirajo izdelke, ki so na voljo v seznamu izdelkov. Vsi izdelki, navedeni na teh straneh, so na voljo do odprodaje zalog. Vse cene so brez DDV (davek na dodano vrednost), saj nismo dav\u010dni zavezanec \u2013 cene so kon\u010dne. Veljavnost cen za izbrano blago velja na dan nakupa, na dan zaklju\u010dka in oddaje naro\u010dila. Kupoprodajna pogodba med ponudnikom in kupcem je sklenjena v trenutku, ko ponudnik potrdi naro\u010dilo. Od tega trenutka so vsi pogoji zavezujo\u010di in veljajo tako za ponudnika kot za kupca.<\/p>\n\n\n\n<p>Sprejeta naro\u010dila so obravnavana kot nepreklicna.<\/p>\n\n\n\n<p>Spletna trgovina PURE VIBRATION SHOP si pridr\u017euje pravico do spremembe pogojev na spletni strani www.pure-vibration.com\/shop brez predhodnega obvestila. Spremembe veljajo od trenutka objave in so za uporabnika zavezujo\u010de.<\/p>\n\n\n\n<p>Kupec z oddajo naro\u010dila sprejema te <strong><em>Splo\u0161ne pogoje poslovanja<\/em><\/strong>.<br><br><\/p>\n\n\n\n<h3 class=\"wp-block-heading\"><strong>CENE IZDELKOV<\/strong><\/h3>\n\n\n\n<p>Cene so predstavljene kot prodajne cene, oziroma cene, ki jih nastavi prodajalec in veljajo tako za nakup neposredno prek spleta, telefona, kakor tudi za nakup prek predra\u010duna (ban\u010dno nakazilo) ali pa neposredni nakup pri ponudniku.<\/p>\n\n\n\n<p>V primeru, da podatek o ceni ni pravilen, bo prodajalec kupcu omogo\u010dil odstop od nakupa ali ponudil drugo zadovoljivo re\u0161itev.<\/p>\n\n\n\n<p><strong>Vse cene so v evrih, so kon\u010dne in ne vklju\u010dujejo DDV (nismo dav\u010dni zavezanec, zato so kon\u010dne) in veljajo ob potrditvi naro\u010dila s strani kupca.<\/strong> Vse cene so za 1 kos, \u010de ni druga\u010de dolo\u010deno.&nbsp;<\/p>\n\n\n\n<p>Znesek po\u0161tnine ni v\u0161tet v ceno izdelkov. Cene tako ne vsebujejo stro\u0161kov dostave oziroma po\u0161tnine, le-ti pa so navedeni ob izra\u010dunu vrednosti naro\u010dila pred elektronsko potrditvijo naro\u010dila in nadalje tudi na ra\u010dunu. Stro\u0161ek dostave na obmo\u010dju Republike Slovenije zna\u0161a 3,50 \u20ac. <strong>Za naro\u010dila, vi\u0161ja od 50 \u20ac, je po\u0161iljanje brezpla\u010dno.<\/strong><\/p>\n\n\n\n<p>Vse akcije in kode za popuste delujejo na na\u010din, da&nbsp;<strong>se med seboj ne se\u0161tevajo<\/strong>, razen v primerih, ko je v okviru posamezne akcije re\u010deno druga\u010de.&nbsp;<br><br><\/p>\n\n\n\n<h3 class=\"wp-block-heading\"><strong>PLA\u010cILNI POGOJI<\/strong><\/h3>\n\n\n\n<p>V spletni prodajalni PURE VIBRATION SHOP je mogo\u010de opraviti pla\u010dilo izbranega blaga na ve\u010d na\u010dinov:<\/p>\n\n\n\n<ul class=\"wp-block-list\">\n<li>po predra\u010dunu z nakazilom na ban\u010dni ra\u010dun (velja spletna cena + cena dostave)<\/li>\n\n\n\n<li>s pla\u010dilom prek <em>PayPala<\/em> (velja spletna cena + cena dostave)<\/li>\n\n\n\n<li>s kreditno kartico (velja spletna cena + cena dostave)<\/li>\n<\/ul>\n\n\n\n<h3 class=\"wp-block-heading\"><strong>Pla\u010dilo po predra\u010dunu<\/strong><\/h3>\n\n\n\n<p>Predra\u010dun prejmete na va\u0161 e-mail naslov z vsemi pla\u010dilnimi pogoji za nakazilo. Pla\u010dilo tako poravnate na na\u0161 ban\u010dni ra\u010dun. Kot referenco vnesite \u0161tevilko naro\u010dila. Po\u0161iljka vam bo dostavljena, ko pla\u010dilo va\u0161ega predra\u010duna prispe na na\u0161 ra\u010dun. Rok veljavnosti predra\u010duna je 3 dni od prejema le-tega na va\u0161 e-mail naslov. V kolikor v tem \u010dasu ne prejmemo pla\u010dila na na\u0161 ra\u010dun, bomo smatrali, da odstopate od naro\u010dila in bomo naro\u010dilo stornirali.<\/p>\n\n\n\n<h3 class=\"wp-block-heading\"><strong>Pla\u010dilo prek Paypala<\/strong><\/h3>\n\n\n\n<p>Pla\u010dilo lahko takoj izvedete na spletu prek <em>PayPala<\/em> (www.PayPal.com). Po\u0161iljka vam bo dostavljena, ko pla\u010dilo va\u0161ega naro\u010dila prispe na na\u0161 ra\u010dun, \u0161e isti dan.<\/p>\n\n\n\n<h3 class=\"wp-block-heading\"><strong>Pla\u010dilo s kreditno kartico<\/strong><\/h3>\n\n\n\n<p>Pla\u010dilo lahko takoj izvedete na spletu s kreditno kartico. Po\u0161iljka vam bo dostavljena, ko pla\u010dilo va\u0161ega naro\u010dila prispe na na\u0161 ra\u010dun.<\/p>\n\n\n\n<h3 class=\"wp-block-heading\"><strong>Zaloga<\/strong><\/h3>\n\n\n\n<p>\u010ce naro\u010denega blaga trenutno ni na zalogi v naro\u010deni koli\u010dini, vas bomo o predvidenem datumu dobave\/dostave \u010dim prej obvestili. Ob morebitni nedobavljivosti naro\u010denih artiklov vas bomo obvestili in vam omogo\u010dili preklic naro\u010dila, zamenjavo naro\u010denega artikla ali kak\u0161no drugo dogovorjeno mo\u017enost.<br><br><\/p>\n\n\n\n<h3 class=\"wp-block-heading\"><strong>DOSTAVA<\/strong><\/h3>\n\n\n\n<p>Pri izbiri dostave z dostavno slu\u017ebo (Po\u0161ta Slovenije) bomo vsa naro\u010dila, opravljena na delovni dan do 14. ure, opremili \u0161e isti dan. Po\u0161iljka bo pri vas najkasneje v 3 delovnih dneh, obi\u010dajno pa \u017ee naslednji delovni dan. V tem primeru je mo\u017enost pla\u010dila le z gotovino. Zato morate biti ne glede na vrednost naro\u010dila, ob prevzemu vedno osebno prisotni.<\/p>\n\n\n\n<p>Cena dostave je obra\u010dunana po veljavnem ceniku Po\u0161te Slovenije. Do brezpla\u010dne dostave ste upravi\u010deni, \u010de zna\u0161a vrednost va\u0161ega nakupa nad 50 EUR.<\/p>\n\n\n\n<h3 class=\"wp-block-heading\"><strong>Pla\u010dilo in dostava za tujino<\/strong><\/h3>\n\n\n\n<p>Naro\u010dilo izdelkov v tujino in stro\u0161ke dostave se vedno pla\u010duje po predra\u010dunu. Stro\u0161ek dostave v tujino je obra\u010dunan po veljavnem ceniku Po\u0161te Slovenije za<br>tujino.<\/p>\n\n\n\n<p>V kolikor bi stranka iz tujine opravila avtomatski nakup prek spletne trgovine PURE VIBRATION SHOP, bo le-ta nakup veljaven \u0161ele potem, ko bo stranka pla\u010dala razliko vrednosti realnega stro\u0161ka dostave. Za to razliko, bomo stranki izstavili ustrezen predra\u010dun.<\/p>\n\n\n\n<p>V izogib \u00bbdvojnemu\u00ab pla\u010devanju priporo\u010damo strankam iz tujine, da namesto avtomatskega nakupa preko ban\u010dnega nakazila zahtevajo celoten predra\u010dun.<br><br><\/p>\n\n\n\n<h3 class=\"wp-block-heading\"><strong>DOBAVNI ROK<\/strong><\/h3>\n\n\n\n<p>Prodajalec se bo potrudil, da bo blago dostavljeno do kupca v navedenih rokih dobave. Ko kupec odda naro\u010dilo, prejme njegovo potrditev naro\u010denih artiklov in skupno ceno. Obi\u010dajen dobavni rok za izdelke na zalogi je 1-2 delovnih dni od prejema pla\u010dila.<br><br><\/p>\n\n\n\n<h3 class=\"wp-block-heading\"><strong>ZAVRNITEV NARO\u010cILA<\/strong><\/h3>\n\n\n\n<p>Prodajalec lahko v \u010dasu do izdaje obvestila, da je naro\u010dilo v obdelavi, naro\u010dilo, za katerega ugotovi, da ga pod navedenimi pogoji ne more izvesti, zavrne.<br>V kolikor prodajalec svojih obveznosti ne more izpolniti, ker blago ni na razpolago ali ker ni pogojev za opravljanje storitev, bo prodajalec o tem nemudoma obvestil kupca in mu vrnil vsa morebitna predhodno opravljena pla\u010dila na enak na\u010din, kot \u010de bi \u0161lo za odstop od pogodbe.<br><br><\/p>\n\n\n\n<h3 class=\"wp-block-heading\"><strong>VRA\u010cILO BLAGA<\/strong><\/h3>\n\n\n\n<p>Kupec je ob prevzemu dol\u017ean blago preveriti in morebitne nepravilnosti ali po\u0161kodbe takoj sporo\u010diti dostavljavcu, nato pa se s podjetjem dogovori za zamenjavo blaga ali vra\u010dilo kupnine. Pri nakupu blaga preko spletne trgovine PURE VIBRATION SHOP ima kupec pravico, da v osmih (8) dneh po prejemu blaga podjetju pisno sporo\u010di na elektronski naslov, preko obi\u010dajne po\u0161te na na\u0161 naslov, da odstopa od pogodbe (nakupa).<\/p>\n\n\n\n<p>\u010ce je kupec blago \u017ee prejel in od pogodbe odstopi, mora blago nepo\u0161kodovano, v originalni embala\u017ei (nepo\u0161kodovano \u2013 kot je bila v prvotnem stanju v \u010dasu prejetja artikla) in v nespremenjeni koli\u010dini na svoje stro\u0161ke odposlati ali dostaviti podjetju najpozneje v \u0161tirinajstih (14) dneh po sporo\u010dilu, da od pogodbe odstopa.<\/p>\n\n\n\n<p>Izdelka kupec ne sme \u0161e naprej uporabljati do odstopa od pogodbe. Po\u0161tnino vra\u010dila artiklov krije stranka.<\/p>\n\n\n\n<p>Podjetje blaga ni dol\u017eno sprejeti, \u010de je blago uni\u010deno, pokvarjeno, (delno) izgubljeno ali se je njegova koli\u010dina zmanj\u0161ala, razen, \u010de se obravnava kot reklamacija in je bilo blago v takem stanju \u017ee pred prejemom in je kupec\/prejemnik to takoj sporo\u010dil podjetju ali dostavljavcu, od katerega je blago prejel.<\/p>\n\n\n\n<p>Prilo\u017eena mora biti kopija originalnega ra\u010duna. \u010ce je kupec ponudniku v skladu z veljavnimi zakonskimi predpisi in pogoji poslovanja sporo\u010dil, da od pogodbe odstopa in je prejeto blago v zakonskem roku vrnil nepo\u0161kodovano, v originalni embala\u017ei in nespremenjeni koli\u010dini, mu bo podjetje v najkraj\u0161em mo\u017enem \u010dasu, najkasneje pa v 15 dneh od prejetja vrnjenega blaga, vrnilo \u017ee pla\u010dano kupnino.<\/p>\n\n\n\n<p>V primeru, da gre za artikel, izdelan po natan\u010dnih navodilih stranke ali ki je bilo prilagojeno strankinim osebnim potrebam in zaradi tega ni primerno za vra\u010dilo, vra\u010dilo izdelka v skladu s 5. odstavkom 43. \u010d \u010dlena Zakona o varstvu potro\u0161nikov ni mogo\u010de.<\/p>\n\n\n\n<p>V primeru, da stranka prejme po\u0161iljko, ki se je po\u0161kodovala med transportom (embala\u017ea ima vidne po\u0161kodbe) ali ka\u017ee znake odprtja, se mora za reklamacijo obrniti na Po\u0161to Slovenije, ki je po\u0161iljko dostavila.<br><br><\/p>\n\n\n\n<h3 class=\"wp-block-heading\"><strong>REKLAMACIJE<\/strong><\/h3>\n\n\n\n<p>Reklamacija se upo\u0161teva, \u010de izdelek nima lastnosti, ki jih je prodajalec ob prodaji obljubil, \u010de so bili poslani napa\u010dni izdelki oziroma, \u010de izdelek kakorkoli odstopa od naro\u010dila. \u010ce je reklamacija upravi\u010dena, bo prodajalec izdelek zamenjal ali popravil ter ga na svoj stro\u0161ek poslal kupcu. \u010ce je do napake na izdelku pri\u0161lo zaradi nepravilnega ravnanja kupca, bo izdelek poslan nazaj kupcu na njegove stro\u0161ke.<\/p>\n\n\n\n<p>Zahtevek za reklamacijo po\u0161ljite na elektronski naslov <a href=\"mailto:info@pure-vibration.com\">info@pure-vibration.com<\/a>. V elektronski po\u0161ti nam \u010dim bolj nazorno pojasnite razlog za uveljavljanje reklamacije, da bomo \u010dim la\u017eje re\u0161evali va\u0161o reklamacijo. Zraven zapi\u0161ete svoje podatke (ime, priimek, naslov) ter kontaktno \u0161tevilko, kamor vas bomo lahko obvestili o poteku re\u0161evanja reklamacije.<\/p>\n\n\n\n<p>Kupec ob potrditvi zahtevka lahko blago v reklamacijo vrne tako, da ga po vnaprej\u0161njem dogovoru s prodajalcem vrne na stro\u0161ke prodajalca v roku \u0161tirinajst (14) dni od prejema blaga skupaj z originalnim ra\u010dunom na: Lybra, Brigita Marenti\u010d sp, Alja\u017eeva 22, 1000 Ljubljana.<\/p>\n\n\n\n<p>Zraven paketa poleg originalnega ra\u010duna prilo\u017eite \u0161e va\u0161e podatke in opis napake izdelka. Prosimo vas, da izdelek zapakirate v primerno za\u0161\u010ditno embala\u017eo, da bo prispel do nas nepo\u0161kodovan.<\/p>\n\n\n\n<p>Ko bo izdelek z vso pripadajo\u010do dokumentacijo prispel na naslov na\u0161ega podjetja, ga bomo pregledali in vas v \u010dim kraj\u0161em mo\u017enem \u010dasu kontaktirali ter vas seznanili z nadaljnjim postopkom. \u010ce bo reklamacija potrjena, vam lahko ponudimo popravilo izdelka, zamenjavo izdelka ali vra\u010dilo kupnine vklju\u010dno s stro\u0161ki po\u0161iljanja, ki so nastali ob naro\u010dilu. Po\u0161iljk z odkupnino ne sprejemamo.<\/p>\n\n\n\n<p><strong>Prodajalec si pridr\u017euje pravico zavrniti reklamacijo v naslednjih primerih:<\/strong><\/p>\n\n\n\n<ul class=\"wp-block-list\">\n<li>\u010de blago ni bilo vrnjeno v originalni embala\u017ei,<\/li>\n\n\n\n<li>\u010de k artiklom ni prilo\u017eena vsa oprema, ki je bila stranki posredovana ob nakupu in ra\u010dun.<\/li>\n<\/ul>\n\n\n\n<p>V primeru, da je reklamacija neupravi\u010dena, bo prodajalec izdelek vrnil kupcu na njegov ra\u010dun. Za vsa dodatna vpra\u0161anja ali informacije v zvezi z vra\u010dilom blaga pa pi\u0161ite na elektronski <a href=\"mailto:info@pure-vibration.com\">info@pure-vibration.com<\/a>.<br><br><\/p>\n\n\n\n<h3 class=\"wp-block-heading\"><strong>VAROVANJE OSEBNIH PODATKOV<\/strong><\/h3>\n\n\n\n<p>LYBRA Brigita Marenti\u010d sp se zavezuje k trajnemu varovanju vseh osebnih podatkov uporabnika, kateri se bodo uporabili izklju\u010dno za potrebe izpolnitve naro\u010dila (po\u0161iljanje informativnega gradiva, ponudb, ra\u010dunov) in ostalo potrebno komunikacijo. Uporabnikovi podatki v nobenem primeru ne bodo predani nepoobla\u0161\u010denim osebam. Za varovanje osebnih podatkov je odgovoren tudi uporabnik sam in sicer tako, da poskrbi za varnost svojega (morebitnega) uporabni\u0161kega imena in gesla.<\/p>\n\n\n\n<h3 class=\"wp-block-heading\"><strong>Varovanje osebnih podatkov<\/strong><\/h3>\n\n\n\n<p>Podatki, ki jih posreduje kupec, so strogo zaupni in se obravnavajo v skladu z Zakonom o varstvu osebnih podatkov (Ur.l. RS \u0161t. 59\/1999, 57\/2001, 59\/2001-popr.) in Zakonu o varstvu potro\u0161nikov \u2013 ZVPot-UPB1 (uradno pre\u010di\u0161\u010deno besedilo \u2013 Uradni list RS, \u0161t. 14\/03).<\/p>\n\n\n\n<h3 class=\"wp-block-heading\"><strong>Zaupnost podatkov<\/strong><\/h3>\n\n\n\n<p>Kupec s pomo\u010djo spletnih obrazcev na spletnem mestu www.pure-vibration.com\/shop ali kako druga\u010de (po telefonu, preko elektronske po\u0161te, idr.) posreduje svoje osebne podatke, katere upravljavec spletnega mesta zbira in obdeluje, vendar zgolj samo tiste osebne podatke uporabnika, ki so nujno potrebni za kakovostno in nemoteno izvajanje elektronskega poslovanja.<\/p>\n\n\n\n<h3 class=\"wp-block-heading\"><strong>Ravnanje s podatki<\/strong><\/h3>\n\n\n\n<p>Uporabnik in upravljavec spletnega mesta www.pure-vibration.com\/shop sogla\u0161ata, da so podatki, do katerih je omogo\u010den dostop pri elektronskih storitvah, poslovna skrivnost ter jih bosta zato primerno varovala in jih brez ustrezne pravne podlage ne bosta razkrivala tretjim osebam. Upravljavec bo za namen dostave posredoval podatke o naslovu uporabnika le dostavni slu\u017ebi Po\u0161ta Slovenije.<\/p>\n\n\n\n<p>Upravljavec spletnega mesta se obvezuje odgovorno ter strokovno izvajati elektronske storitve v skladu z na\u010deli in standardi informacijske varnosti.<\/p>\n\n\n\n<h3 class=\"wp-block-heading\"><strong>Soglasje za obdelavo podatkov<\/strong><\/h3>\n\n\n\n<p>Uporabnik spletnega mesta www.pure-vibration.com\/shop sogla\u0161a, da se za namen uporabe elektronske storitve nakupa izdelka zbirajo in obdelujejo naslednji osebni podatki uporabnika: ime in priimek, naslov uporabnika, elektronski naslov ter telefonska \u0161tevilka uporabnika.<\/p>\n\n\n\n<p>Uporabniki, ki so oddali naro\u010dilo, se avtomati\u010dno strinjajo, da so naro\u010deni na e-novice PURE VIBRATION.&nbsp; Prejemajo elektronske novice, v katerih jih ponudnik obve\u0161\u010da o novostih, prodajnih ugodnostih in drugih tr\u017eenjskih dejavnostih. Naro\u010dniki na e-novice se lahko od njihovega prejemanja v vsakem trenutku odjavijo s klikom na povezavo \u00bbodjava\u00ab na dnu e-novic oz. po\u0161ljejo sporo\u010dilo o odjavi na e-naslov: <a href=\"mailto:info@pure-vibration.com\">info@pure-vibration.com<\/a>.<br><br><\/p>\n\n\n\n<h3 class=\"wp-block-heading\"><strong>ODVEZA ODGOVORNOSTI<\/strong><\/h3>\n\n\n\n<p>Ponudnik si pridr\u017euje pravico do napak v cenah oz. zalogi. V primeru, da se iz kateregakoli razloga spremeni cena artikla ali dobavni rok pred potrditvijo naro\u010dila s strani ponudnika, bo ponudnik kupcu omogo\u010dil odstop od nakupa oziroma ponudil re\u0161itev o zamenjavi naro\u010denega artikla, ki bo obojestransko<br>sprejemljiva.<\/p>\n\n\n\n<p>Fotografije prodajnih artiklov je potrebno jemati kot simboli\u010dne. Fotografije ne zagotavljajo lastnosti izdelka.<\/p>\n\n\n\n<p>Cenik in zaloga se osve\u017eujeta brez predhodnega obvestila!<br><br><\/p>\n\n\n\n<h3 class=\"wp-block-heading\"><strong>INTELEKTUALNA LASTNINA<\/strong><\/h3>\n\n\n\n<p>Vse pravice pridr\u017eane. Vsa besedila, slike, grafike, zvo\u010dne datoteke, animacije, video posnetki in njihove izpeljanke naj tej strani so predmet za\u0161\u010dite avtorskih pravic in druge intelektualne lastnine. Teh predmetov ni dovoljeno kopirati za komercialno uporabo ali distribucijo, prav tako jih ni dovoljeno spreminjati ali znova objavljati na drugih spletnih mestih. To spletno mesto lahko vsebuje tudi slike, za katere je ponudnik pridobil pravico do uporabe, vendar so za\u0161\u010ditene z avtorskimi pravicami tretje strani.<\/p>\n\n\n\n<p>Ponudnik pod nobenim pogojem ni odgovoren za katere koli povezave, ki niso del tega spletnega mesta, ali katera koli druga spletna mesta, ki so ali niso povezana s tem spletnim mestom. Ponudnik zavra\u010da vso odgovornost za pravilnost katerih koli podatkov, ki so na voljo na teh povezanih straneh, in katerih koli izdelkov ali storitev, ki so na voljo na teh spletnih mestih.<\/p>\n\n\n\n<p><\/p>\n\n\n\n<p>Brigita Marenti\u010d<\/p>\n","protected":false},"excerpt":{"rendered":"<p>Veljavni od dne 1. 11. 2022 Ponudnik in njegov sede\u017e: LYBRA Brigita Marenti\u010d spAlja\u017eeva 221000 LjubljanaSlovenija Dav\u010dna \u0161tevilka: 28511913Mati\u010dna \u0161tevilka:&nbsp;3067467 IBAN: SI56 3000 0001 0565 179 (N Banka d.d.)SWIFT KODA: SABRSI2X E-naslov in tel. \u0161t. za klice:info@pure-vibration.com, 040 416 022 Vsebina spletne strani PURE VIBRATION SHOP je last podjetja LYBRA Brigita Marenti\u010d sp, Alja\u017eeva 22, [&hellip;]<\/p>\n","protected":false},"author":1,"featured_media":0,"parent":0,"menu_order":0,"comment_status":"closed","ping_status":"closed","template":"","meta":{"footnotes":""},"class_list":["post-262","page","type-page","status-publish","hentry"],"jetpack_sharing_enabled":true,"_links":{"self":[{"href":"https:\/\/pure-vibration.com\/shop\/wp-json\/wp\/v2\/pages\/262","targetHints":{"allow":["GET"]}}],"collection":[{"href":"https:\/\/pure-vibration.com\/shop\/wp-json\/wp\/v2\/pages"}],"about":[{"href":"https:\/\/pure-vibration.com\/shop\/wp-json\/wp\/v2\/types\/page"}],"author":[{"embeddable":true,"href":"https:\/\/pure-vibration.com\/shop\/wp-json\/wp\/v2\/users\/1"}],"replies":[{"embeddable":true,"href":"https:\/\/pure-vibration.com\/shop\/wp-json\/wp\/v2\/comments?post=262"}],"version-history":[{"count":2,"href":"https:\/\/pure-vibration.com\/shop\/wp-json\/wp\/v2\/pages\/262\/revisions"}],"predecessor-version":[{"id":268,"href":"https:\/\/pure-vibration.com\/shop\/wp-json\/wp\/v2\/pages\/262\/revisions\/268"}],"wp:attachment":[{"href":"https:\/\/pure-vibration.com\/shop\/wp-json\/wp\/v2\/media?parent=262"}],"curies":[{"name":"wp","href":"https:\/\/api.w.org\/{rel}","templated":true}]}}