{"id":270,"date":"2022-11-17T19:29:52","date_gmt":"2022-11-17T19:29:52","guid":{"rendered":"https:\/\/pure-vibration.com\/shop\/?page_id=270"},"modified":"2022-11-17T19:29:52","modified_gmt":"2022-11-17T19:29:52","slug":"postnina-in-dostava","status":"publish","type":"page","link":"https:\/\/pure-vibration.com\/shop\/postnina-in-dostava\/","title":{"rendered":"Po\u0161tnina in dostava"},"content":{"rendered":"\n<p>Naro\u010deno blago vam bomo poslali prek Po\u0161te Slovenije.<\/p>\n\n\n\n<p>Rok dobave za izdelke na zalogi je najkasneje v 3&nbsp;dneh od prejema pla\u010dila. Cene veljajo na dan oddaje naro\u010dila. Cene so kon\u010dne, saj nismo dav\u010dni zavezanec.<\/p>\n\n\n\n<p>Stro\u0161ki po\u0161tnine in pakiranja zna\u0161ajo&nbsp;3,50 \u20ac.&nbsp;Za vsa naro\u010dila&nbsp;nad 50 \u20ac&nbsp;je po\u0161tnina&nbsp;brezpla\u010dna.&nbsp;<\/p>\n\n\n\n<p>Naro\u010dilo se bo shranilo pri podjetju in bo posredovano kupcu na njegov elektronski naslov ob oddaji naro\u010dila.&nbsp;Kasnej\u0161i vpogled v naro\u010dilo (sklenjeno pogodbo) je mo\u017een po predhodnem dogovoru oz. pismenem zahtevku.<\/p>\n","protected":false},"excerpt":{"rendered":"<p>Naro\u010deno blago vam bomo poslali prek Po\u0161te Slovenije. Rok dobave za izdelke na zalogi je najkasneje v 3&nbsp;dneh od prejema pla\u010dila. Cene veljajo na dan oddaje naro\u010dila. Cene so kon\u010dne, saj nismo dav\u010dni zavezanec. Stro\u0161ki po\u0161tnine in pakiranja zna\u0161ajo&nbsp;3,50 \u20ac.&nbsp;Za vsa naro\u010dila&nbsp;nad 50 \u20ac&nbsp;je po\u0161tnina&nbsp;brezpla\u010dna.&nbsp; Naro\u010dilo se bo shranilo pri podjetju in bo posredovano kupcu [&hellip;]<\/p>\n","protected":false},"author":1,"featured_media":0,"parent":0,"menu_order":0,"comment_status":"closed","ping_status":"closed","template":"","meta":{"footnotes":""},"class_list":["post-270","page","type-page","status-publish","hentry"],"jetpack_sharing_enabled":true,"_links":{"self":[{"href":"https:\/\/pure-vibration.com\/shop\/wp-json\/wp\/v2\/pages\/270","targetHints":{"allow":["GET"]}}],"collection":[{"href":"https:\/\/pure-vibration.com\/shop\/wp-json\/wp\/v2\/pages"}],"about":[{"href":"https:\/\/pure-vibration.com\/shop\/wp-json\/wp\/v2\/types\/page"}],"author":[{"embeddable":true,"href":"https:\/\/pure-vibration.com\/shop\/wp-json\/wp\/v2\/users\/1"}],"replies":[{"embeddable":true,"href":"https:\/\/pure-vibration.com\/shop\/wp-json\/wp\/v2\/comments?post=270"}],"version-history":[{"count":1,"href":"https:\/\/pure-vibration.com\/shop\/wp-json\/wp\/v2\/pages\/270\/revisions"}],"predecessor-version":[{"id":271,"href":"https:\/\/pure-vibration.com\/shop\/wp-json\/wp\/v2\/pages\/270\/revisions\/271"}],"wp:attachment":[{"href":"https:\/\/pure-vibration.com\/shop\/wp-json\/wp\/v2\/media?parent=270"}],"curies":[{"name":"wp","href":"https:\/\/api.w.org\/{rel}","templated":true}]}}