{"id":1115,"date":"2025-01-24T19:33:36","date_gmt":"2025-01-24T19:33:36","guid":{"rendered":"https:\/\/pure-vibration.com\/shop\/?post_type=product&#038;p=1115"},"modified":"2026-02-03T06:48:35","modified_gmt":"2026-02-03T06:48:35","slug":"svetlobni-coaching","status":"publish","type":"product","link":"https:\/\/pure-vibration.com\/shop\/izdelek\/svetlobni-coaching\/","title":{"rendered":"Svetlobni coaching"},"content":{"rendered":"<div>\n<p>&nbsp;<\/p>\n<p><strong>Svetlobni coaching \u2013 celostna podpora za va\u0161o transformacijo<\/strong><\/p>\n<p>Svetlobni coaching je edinstvena kombinacija svetlobnih aktivacij in osebnega coachinga, ki vas vodi skozi globoko preobrazbo na vseh ravneh va\u0161e biti. Namenjen je odstranjevanju zastalih energij, uravnove\u0161anju va\u0161ega notranjega sveta in odpiranju poti za nove prilo\u017enosti ter jasnost. S coachingom se sproti osredoto\u010damo na vse, kar je pripravljeno za celjenje, harmonizacijo in rast, pri \u010demer svetlobne aktivacije dodatno podprejo proces na vseh ravneh na\u0161e biti.<\/p>\n<p><strong>Kaj pridobite s svetlobnim coachingom?<\/strong><\/p>\n<ul>\n<li>prepoznate in razgradite omejitve, ki vam prepre\u010dujejo napredek v \u017eivljenju<\/li>\n<li>osvobodite se starih \u010dustvenih bremen in vzorcev, ki ne slu\u017eijo ve\u010d va\u0161emu razvoju<\/li>\n<li>aktivirate svoje notranje mo\u010di in odkrijete skrite talente, ki so pripravljeni, da jih za\u017eivite<\/li>\n<li>skozi proces coachinga prejmete smernice za konkretne korake naprej v svojem \u017eivljenju<\/li>\n<li>harmonizirate svojo energijo in vzpostavite globok ob\u010dutek notranjega miru in stabilnosti<\/li>\n<li>pove\u017eete se s svojim vi\u0161jim jazom in odkrijete novo dimenzijo svoje duhovne poti<\/li>\n<li>itd.<\/li>\n<\/ul>\n<p>\u2728\u2728\u2728<\/p>\n<p><strong>Kako poteka svetlobni coaching?<\/strong><br \/>\nSvetlobni coaching je prilagojen va\u0161im specifi\u010dnim potrebam &#8211; poteka prek telefona. Prepoznava va\u0161a klju\u010dna vpra\u0161anja v \u017eivljenju, izzive ali cilje. Osredoto\u010dava se na zastale energije na vseh va\u0161ih ravneh. Raziskujeva vzroke trenutnega stanja, medtem ko svetlobne aktivacije, \u010di\u0161\u010denja, harmoniziranja in druga orodja energijsko podprejo vse, kar se odpre za celjenje in preobrazbo. Zastala in omejujo\u010da \u010dustva, vzorci, prepri\u010danja, travme, stres &#8230; karkoli pride na plano, podpreva s svetlobnimi aktivacijami, da se zmeh\u010da, odstrani in zaceli. Proces je ne\u017een, a izjemno globok in transformacijski. Traja cca. 1,5h.<\/p>\n<p><strong>Komu je namenjen?<\/strong><br \/>\nSvetlobni coaching je idealen za vse, ki:<\/p>\n<ul>\n<li>se soo\u010date z izzivi in ob\u010dutkom stagnacije v \u017eivljenju<\/li>\n<li>i\u0161\u010dete podporo pri prehodih, kot so spremembe v karieri, odnosih ali osebnem \u017eivljenju<\/li>\n<li>\u017eelite sprostiti \u010dustvene ali energijske blokade ter vstopiti v svojo notranjo mo\u010d<\/li>\n<li>potrebujete jasnost in energijsko podporo pri svojih ciljih<\/li>\n<li>si \u017eelite poglobiti svojo duhovno prakso in povezavo z vi\u0161jimi energijami<\/li>\n<\/ul>\n<p>Svetlobni coaching je mo\u010dno orodje za vse, ki si \u017eelite konkretnih sprememb v svojem \u017eivljenju, obenem pa \u017eelite podpreti svojo notranjo in energijsko harmonijo. Prebudite svojo resni\u010dno mo\u010d, najdite jasnost in odprite vrata novim mo\u017enostim v svojem \u017eivljenju &#8211; sezite po tem, kar vam je namenjeno.<\/p>\n<p>\u2728\u2728\u2728<\/p>\n<p>Ve\u010d o svetlobnem jeziku si lahko preberete <strong><a href=\"https:\/\/pure-vibration.com\/aktivacije-s-svetlobnim-jezikom\/\">TUKAJ<\/a><\/strong>.<\/p>\n<\/div>\n","protected":false},"excerpt":{"rendered":"<p>Kombinacija coachinga, kanaliziranih sporo\u010dil in aktivacij s svetlobim jezikom, ki odstranijo, harmonizirajo in celijo vse, kar je pripravljeno, da se v va\u0161em \u017eivljenju spremeni. Prek telefona. Popolnoma pesonalizirana obravnava, ki traja 1,5h.<\/p>\n<p>Ugoden paket svetlobnih coachingov najdete <strong><a href=\"https:\/\/pure-vibration.com\/shop\/izdelek\/paket-svetlobnih-coachingov\/\">TUKAJ<\/a><\/strong>.<\/p>\n","protected":false},"featured_media":1123,"template":"","meta":[],"product_brand":[],"product_cat":[37],"product_tag":[31,33,32,30],"class_list":{"0":"post-1115","1":"product","2":"type-product","3":"status-publish","4":"has-post-thumbnail","6":"product_cat-svetlobne-energijske-podpore","7":"product_tag-aktivacija-s-svetlobnim-jezikom","8":"product_tag-energijska-podpora","9":"product_tag-svetlobne-kode","10":"product_tag-svetlobni-jezik","12":"first","13":"instock","14":"virtual","15":"purchasable","16":"product-type-simple"},"jetpack_sharing_enabled":true,"_links":{"self":[{"href":"https:\/\/pure-vibration.com\/shop\/wp-json\/wp\/v2\/product\/1115","targetHints":{"allow":["GET"]}}],"collection":[{"href":"https:\/\/pure-vibration.com\/shop\/wp-json\/wp\/v2\/product"}],"about":[{"href":"https:\/\/pure-vibration.com\/shop\/wp-json\/wp\/v2\/types\/product"}],"wp:featuredmedia":[{"embeddable":true,"href":"https:\/\/pure-vibration.com\/shop\/wp-json\/wp\/v2\/media\/1123"}],"wp:attachment":[{"href":"https:\/\/pure-vibration.com\/shop\/wp-json\/wp\/v2\/media?parent=1115"}],"wp:term":[{"taxonomy":"product_brand","embeddable":true,"href":"https:\/\/pure-vibration.com\/shop\/wp-json\/wp\/v2\/product_brand?post=1115"},{"taxonomy":"product_cat","embeddable":true,"href":"https:\/\/pure-vibration.com\/shop\/wp-json\/wp\/v2\/product_cat?post=1115"},{"taxonomy":"product_tag","embeddable":true,"href":"https:\/\/pure-vibration.com\/shop\/wp-json\/wp\/v2\/product_tag?post=1115"}],"curies":[{"name":"wp","href":"https:\/\/api.w.org\/{rel}","templated":true}]}}