{"id":1162,"date":"2025-02-01T13:51:43","date_gmt":"2025-02-01T13:51:43","guid":{"rendered":"https:\/\/pure-vibration.com\/shop\/?post_type=product&#038;p=1162"},"modified":"2025-04-20T18:17:24","modified_gmt":"2025-04-20T18:17:24","slug":"svetlobna-meditacija-za-harmoniziranje-tankega-crevesja","status":"publish","type":"product","link":"https:\/\/pure-vibration.com\/shop\/izdelek\/svetlobna-meditacija-za-harmoniziranje-tankega-crevesja\/","title":{"rendered":"Svetlobna meditacija za harmoniziranje tankega \u010drevesja"},"content":{"rendered":"<h4><strong>Svetlobna meditacija za harmoniziranje tankega \u010drevesja<br \/>\n<\/strong><\/h4>\n<p>Svetlobna meditacija bo v pomo\u010d pri kakr\u0161nih koli te\u017eavah s tankim \u010drevesjem, kot so:<\/p>\n<p>1. Celijakija<br \/>\n2. Kronova bolezen<br \/>\n3. Cisti\u010dna fibroza<br \/>\n4. Malabsorpcija<br \/>\n5. Obstrukcija \u010drevesja<br \/>\n6. Rak tankega \u010drevesa<br \/>\n7. \u010crevesna divertikuloza<br \/>\n8. Vnetne \u010drevesne bolezni (ulcerozni kolitis)<br \/>\n9. Preob\u010dutljivost na hrano (npr. intoleranca na laktozo, fruktozo ali sorbitol, alergije na hrano)<br \/>\n10. Motnje gibljivosti \u010drevesja (sindrom razdra\u017eljivega \u010drevesa)<br \/>\n11. Parazitske oku\u017ebe<br \/>\n12. Intestinalna ishemija<br \/>\n13. Bakterijsko prekomerno naseljevanje tankega \u010drevesa (SIBO)<br \/>\n14. Mezenteri\u010dna ishemija<br \/>\n15. Dedne bolezni tankega \u010drevesa<br \/>\n16. Vaskulitis<br \/>\n17. Resekcija tankega \u010drevesa<br \/>\n18. Limfangiektazija<br \/>\n19. Eozinofilni enteritis<br \/>\n20. Rezistenca na vitamin B12<br \/>\n21. IgA-pomanjkljivost<br \/>\n22. Oku\u017ebe z virusi<br \/>\n23. Whippleova bolezen<br \/>\n24. Mezenteri\u010dna limfadenitis<br \/>\n25. Enteritis<br \/>\n26. Zloraba alkohola<br \/>\n27. Radiacijski enteritis<br \/>\n28. \u010crevesne adhezije<\/p>\n<p>Na\u0161e tanko \u010drevo je po TKM tesno povezano z na\u0161im srcem. \u010ce so te\u010dave tudi na tem podro\u010dju, svetujem, da delate tudi to meditacijo za harmoniziranje tankega \u010drevesja.<\/p>\n<p>Navodila so spodaj.<\/p>\n<p>Ne poslu\u0161ajte preve\u010d pogosto, morda le nekaj krat na mesec. \u010ce se pojavijo reakcije in ne minejo v enem dnevu, se mi le oglasite na <a href=\"info@pure-vibration.com\"><strong>info@pure-vibration.com<\/strong><\/a>, da umiriva psocesiranje energij (brez skrbi, meditacija ni nevarna).<\/p>\n<p>\ud83d\udcab\ud83d\udcab\ud83d\udcab<\/p>\n<h3><strong>Svetlobna meditacija \u2013 globoka povezava s svojo notranjo svetlobo<\/strong><\/h3>\n<p>Svetlobna meditacija je edinstveno orodje za dvig zavesti, \u010di\u0161\u010denje energij in poglabljanje stika z notranjo svetlobo. Zdru\u017euje vibracije svetlobnega jezika z mo\u010djo meditativne prisotnosti, kar omogo\u010da globoko harmonizacijo na vseh ravneh \u2013 telesni, \u010dustveni, mentalni, energijski in duhovni.<\/p>\n<p>V svetlobni meditaciji prejmete vibracijske svetlobne kode, ki neposredno delujejo na va\u0161e energijsko polje in vse druge energijske sisteme, prina\u0161ajo \u010di\u0161\u010denje zastalih energij, dvig frekvence ter ob\u010dutek lahkotnosti in notranjega miru.<\/p>\n<p><strong>Koristi svetlobne meditacije<\/strong><\/p>\n<ul>\n<li>Globoko \u010di\u0161\u010denje energij: s pomo\u010djo svetlobnega jezika se raztapljajo stare, stagnirajo\u010de energije in blokade; na\u0161a telesa postanejo bolj preto\u010dna<\/li>\n<li>Dvig vibracije: svetlobna meditacija nas naravna na vi\u0161je frekvence, kar pospe\u0161uje ravnove\u0161anje, regeneracijo in celjenje telesa, proces manifestacije, izbolj\u0161uje intuicijo in odpira duhovno povezanost<\/li>\n<li>\u010custveno ravnovesje: svetlobne aktivacije delujejo na podzavestni ravni, kjer spro\u0161\u010dajo stres, strahove in \u010dustvene vzorce ter vse ostalo, kar nas omejuje<\/li>\n<li>Krepitev notranje mo\u010di: svetlobne meditacije pomagajo okrepiti va\u0161o energijsko za\u0161\u010dito in poglobiti stik z notranjo svetlobo<\/li>\n<li>Povezava z vi\u0161jimi dimenzijami: aktivacije s svetlobnim jezikom delujejo kot most, ki omogo\u010da dostop do univerzalne modrosti in podpornih energij<\/li>\n<\/ul>\n<p><strong><br \/>\nKako poteka svetlobna meditacija?<\/strong><br \/>\nPri sebi imejte toplo vodo in si najdite miren prostor, da vas nih\u010de ne bo motil. Svetlobne meditacije so vodene, tako da sledite glasu. Vmes boste sli\u0161ali zvoke, besede, glasove, ki ne bodo razumljivi &#8211; to je svetlobni jezik, to so svetlobne aktivacije, ki bodo <strong><em>pospe\u0161ile namero meditacije in jo energijsko zelo podprle<\/em><\/strong>. To so intuitivno kanalizirani zvoki, besede ali melodije, obi\u010dajno nerazumljivi na\u0161emu umu, vendar jih bo razumelo na\u0161e srce. Bodite odprti in se prepustite tem visokim frekvencam. Te vibracije delujejo kot klju\u010di, ki odpirajo energijske poti, spodbujajo preto\u010dnost in dvigujejo na\u0161o zavest.<\/p>\n<p>Pogosto so meditacije podprte z vizualizacijami. \u010ce ne zmorete vizualizirati, si samo predstavljajte, ob\u010dutite &#8230; poskusite si zamisliti, kako bi bilo, \u010de bi to do\u017eiveli. Ni\u010d ne bo narobe, \u010de ne boste mogli vizualizirati.<\/p>\n<p>\u010ce se bo med svetlobno meditacijo karkoli dogajalo na kateri koli ravni va\u0161ega telesa (fizi\u010dni, umski, \u010dustveni, energijski), samo dovolite, da se dogaja (ne zaustavljajte in ne spreminjajte ni\u010desar). Tako se tudi ka\u017ee, da so se energije za\u010dele premikati in grejo svojo pot. Predihajte, dovolite, spustite.<\/p>\n<p>\u010ce se pojavijo reakcijo, jih samo predihajte, ali pa mi pi\u0161ite, da umiriva procesiranje. Telo bo integriralo energije \u0161e nekaj dni, zato veliko pijte in si dajte to, kar od vas telo tudi zahteva (ve\u010d po\u010ditka &#8230;), \u010de imate mo\u017enost. Morda bodo tudi sanje bolj aktivne, \u017eive, saj se skozi sanje procesirajo dolo\u010dene zastale energije, morda celo travme. Lahko si jih pi\u0161ete in \u010dez \u010das potegnete rde\u010do nit, kaj se je procesiralo.<\/p>\n<p><strong><br \/>\nZakaj izbrati svetlobno meditacijo?<\/strong><br \/>\nSvetlobna meditacija presega obi\u010dajne meditativne tehnike, saj vklju\u010duje aktivacije s svetlobnim jezikom, ki aktivirajo energijske spremembe na globoki ravni. To je globoka\u00a0 z d r a v i l n a\u00a0 meditacija, ki deluje celostno \u2013 ne samo na fizi\u010dni in \u010dustveni ravni, temve\u010d tudi na duhovnem nivoju, kjer nas podpira pri \u0161irjenju zavesti in ustvarjanju harmonije. Je idealna izbira za vse, ki \u017eelite prese\u010di omejitve na vseh nivojih, raztopiti notranje blokade in se uskladiti z vi\u0161jim smislom va\u0161ega obstoja.<\/p>\n<p>\ud83d\udcab\ud83d\udcab\ud83d\udcab<\/p>\n","protected":false},"excerpt":{"rendered":"<p>Svetlobna meditacija za harmoniziranje tankega \u010drevesja je globoka podpora za vse vrste te\u017eav s tankim \u010drevesjem, kot tudi s sistemom srca in o\u017eilja. Vklju\u010duje aktivacije s svetlobnim jezikom, ki ustvarjajo personalizirano ravnovesje na vseh nivojih ter regeneracijo in celjenje.<\/p>\n","protected":false},"featured_media":1163,"template":"","meta":[],"product_brand":[],"product_cat":[27,34,46],"product_tag":[33,36,35,30],"class_list":{"0":"post-1162","1":"product","2":"type-product","3":"status-publish","4":"has-post-thumbnail","6":"product_cat-meditacije","7":"product_cat-svetlobne-meditacije","8":"product_cat-svetlobne-meditacije-meditacije","9":"product_tag-energijska-podpora","10":"product_tag-meditacija","11":"product_tag-svetlobna-meditacija","12":"product_tag-svetlobni-jezik","14":"first","15":"instock","16":"sale","17":"virtual","18":"purchasable","19":"product-type-simple"},"jetpack_sharing_enabled":true,"_links":{"self":[{"href":"https:\/\/pure-vibration.com\/shop\/wp-json\/wp\/v2\/product\/1162","targetHints":{"allow":["GET"]}}],"collection":[{"href":"https:\/\/pure-vibration.com\/shop\/wp-json\/wp\/v2\/product"}],"about":[{"href":"https:\/\/pure-vibration.com\/shop\/wp-json\/wp\/v2\/types\/product"}],"wp:featuredmedia":[{"embeddable":true,"href":"https:\/\/pure-vibration.com\/shop\/wp-json\/wp\/v2\/media\/1163"}],"wp:attachment":[{"href":"https:\/\/pure-vibration.com\/shop\/wp-json\/wp\/v2\/media?parent=1162"}],"wp:term":[{"taxonomy":"product_brand","embeddable":true,"href":"https:\/\/pure-vibration.com\/shop\/wp-json\/wp\/v2\/product_brand?post=1162"},{"taxonomy":"product_cat","embeddable":true,"href":"https:\/\/pure-vibration.com\/shop\/wp-json\/wp\/v2\/product_cat?post=1162"},{"taxonomy":"product_tag","embeddable":true,"href":"https:\/\/pure-vibration.com\/shop\/wp-json\/wp\/v2\/product_tag?post=1162"}],"curies":[{"name":"wp","href":"https:\/\/api.w.org\/{rel}","templated":true}]}}