{"id":1182,"date":"2025-02-10T15:56:54","date_gmt":"2025-02-10T15:56:54","guid":{"rendered":"https:\/\/pure-vibration.com\/shop\/?post_type=product&#038;p=1182"},"modified":"2025-04-20T18:16:05","modified_gmt":"2025-04-20T18:16:05","slug":"svetlobna-meditacija-za-ciscenje-stresa-iz-celic","status":"publish","type":"product","link":"https:\/\/pure-vibration.com\/shop\/izdelek\/svetlobna-meditacija-za-ciscenje-stresa-iz-celic\/","title":{"rendered":"Svetlobna meditacija za \u010di\u0161\u010denje stresa iz celic"},"content":{"rendered":"<h4><\/h4>\n<h4><strong>Svetlobna meditacija za \u010di\u0161\u010denje stresa iz celic<\/strong><\/h4>\n<p>Delate na sebi 100 na uro, vsak dan se umirjate, spro\u0161\u010date in pazite, da vas stres ne spravi na kolena &#8230; ampak \u0161e vedno \u010dutite, da ni dovolj &#8230; zakaj?<\/p>\n<p>Ker \u0161e vedno niste pre\u010distili ostankov preteklega stresa iz svojega organizma.<\/p>\n<p>Dandanes poznamo 1000 in eno orodje, kako se vsakodnevno spopadati s stresom, ko je na\u0161 simpati\u010dni \u017eiv\u010dni sistem aktiven in ko imamo povi\u0161an stresni hormon, kortizol (vebinar na to temo &#8220;Kako \u017eiveti brez stresa?&#8221; si lahko ogledate na tej povezavi <a href=\"https:\/\/drive.google.com\/file\/d\/14fiE-C5QbAtfmr7wgubJ-YU--Doz7Og_\/view?usp=drive_link\"><strong>TUKAJ<\/strong>\u00a0<\/a> &#8211; vam je lahko v veliko pomo\u010d).<\/p>\n<p>Ne glede na to, kako obvladamo te tehnike in kako se uspe\u0161no vsak dan spopadamo s stresom, \u0161e vedno lahko nekaj njegovih negativnih u\u010dinkov preide skozi sito in se sidra v na\u0161em sistemu.<\/p>\n<p>Dan na dan, leto za letom \u2026 v na\u0161ih celicah se lahko nabere precej \u00bbodpadnih\u00ab snovi, ki so posledica stresa, kar povzro\u010da v na\u0161em telesu nepreto\u010dnost, stagnacijo, blokade \u2026 vsi pa vemo, kaj se zgodi tam, ko pride do stagnacije.<\/p>\n<p>&nbsp;<\/p>\n<p><strong>Svetlobna meditacija za \u010di\u0161\u010denje stresa iz celic<\/strong> \ud83e\udde1\ud83e\udde1\ud83e\udde1<\/p>\n<p>\u010ceprav si morda prizadeva\u0161 zmanj\u0161ati stres, njegovi ostanki pogosto ostajajo ujeti v telesu, kar vodi v dolgotrajno neravnovesje.<\/p>\n<p>Svetlobna meditacija vam bo pomagala, da telo pre\u010distite in se osvobodite teh bremen, da si povrnete energijo in ob\u010dutek sprostitve &#8211; iz na\u0161ega sistema, globoko iz celic, bomo \u010distili \u00bbostanke\u00ab stresa.<\/p>\n<p>&nbsp;<\/p>\n<p><strong>Meditacija vam bo pomagala, da:<\/strong><\/p>\n<ul>\n<li>pre\u010distite svoja telesa vseh ostankov stresa, ki \u0161e vedno obremenjujejo va\u0161 organizem \u2728<\/li>\n<li>ustvarite \u010disto in zdravo podlago, kjer preto\u010dno telo ponovno ustvari ravnovesje in se pri\u010dne samozdravljenje \u2728<\/li>\n<li>vsakodnevni stres se ne bo ve\u010d nalagal na te &#8220;odpadke&#8221; in ga boste la\u017eje sproti obvladovali \u2728<\/li>\n<li><strong>CILJ je<\/strong>: umirjen duh, veliko energije in veselja vsak dan, da te ni\u010d ne spravi iz tvojega centra \u2728<\/li>\n<\/ul>\n<p>&nbsp;<\/p>\n<p><strong>Svetlobne aktivacije v meditaciji:<\/strong><\/p>\n<ul>\n<li>omogo\u010dajo globinsko transformacijo, saj svetlobni jezik ne\u017eno raztaplja blokade \ud83e\udde1<\/li>\n<li>svetlobni jezik dosega prostor v nas, kjer se shranjujejo \u010dustveni in energijski ostanki stresa \ud83e\udde1<\/li>\n<li>omogo\u010da povezavo z notranjim virom mo\u010di in miru, kar lahko spodbuja samorazumevanje in osebno rast \ud83e\udde1<\/li>\n<li>svetlobni jezik pogosto ustvari ob\u010dutek olaj\u0161anja, saj deluje na subtilni energijski ravni, kjer fizi\u010dno telo in \u010dustva spro\u0161\u010dajo globoko zakoreninjene napetosti \ud83e\udde1<\/li>\n<li>omogo\u010dajo, da se u\u010dinki spro\u0161\u010danja zadr\u017eijo dlje, saj deluje na celi\u010dni ravni, kjer se pogosto ohranijo spomini in napetosti zaradi stresa \ud83e\udde1<\/li>\n<\/ul>\n<p>&nbsp;<\/p>\n<p>Navodila so spodaj.<\/p>\n<p>Ne poslu\u0161ajte preve\u010d pogosto, morda le nekaj krat na mesec. \u010ce se pojavijo reakcije in ne minejo v enem dnevu, se mi le oglasite na <a href=\"info@pure-vibration.com\"><strong>info@pure-vibration.com<\/strong><\/a>, da umiriva psocesiranje energij (brez skrbi, meditacija ni nevarna).<\/p>\n<p>\ud83d\udcab\ud83d\udcab\ud83d\udcab<\/p>\n<h3><strong>Svetlobna meditacija \u2013 globoka povezava s svojo notranjo svetlobo<\/strong><\/h3>\n<p>Svetlobna meditacija je edinstveno orodje za dvig zavesti, \u010di\u0161\u010denje energij in poglabljanje stika z notranjo svetlobo. Zdru\u017euje vibracije svetlobnega jezika z mo\u010djo meditativne prisotnosti, kar omogo\u010da globoko harmonizacijo na vseh ravneh \u2013 telesni, \u010dustveni, mentalni, energijski in duhovni.<\/p>\n<p>V svetlobni meditaciji prejmete vibracijske svetlobne kode, ki neposredno delujejo na va\u0161e energijsko polje in vse druge energijske sisteme, prina\u0161ajo \u010di\u0161\u010denje zastalih energij, dvig frekvence ter ob\u010dutek lahkotnosti in notranjega miru.<\/p>\n<p><strong>Koristi svetlobne meditacije<\/strong><\/p>\n<ul>\n<li>Globoko \u010di\u0161\u010denje energij: s pomo\u010djo svetlobnega jezika se raztapljajo stare, stagnirajo\u010de energije in blokade; na\u0161a telesa postanejo bolj preto\u010dna<\/li>\n<li>Dvig vibracije: svetlobna meditacija nas naravna na vi\u0161je frekvence, kar pospe\u0161uje ravnove\u0161anje, regeneracijo in celjenje telesa, proces manifestacije, izbolj\u0161uje intuicijo in odpira duhovno povezanost<\/li>\n<li>\u010custveno ravnovesje: svetlobne aktivacije delujejo na podzavestni ravni, kjer spro\u0161\u010dajo stres, strahove in \u010dustvene vzorce ter vse ostalo, kar nas omejuje<\/li>\n<li>Krepitev notranje mo\u010di: svetlobne meditacije pomagajo okrepiti va\u0161o energijsko za\u0161\u010dito in poglobiti stik z notranjo svetlobo<\/li>\n<li>Povezava z vi\u0161jimi dimenzijami: aktivacije s svetlobnim jezikom delujejo kot most, ki omogo\u010da dostop do univerzalne modrosti in podpornih energij<\/li>\n<\/ul>\n<p><strong><br \/>\nKako poteka svetlobna meditacija?<\/strong><br \/>\nPri sebi imejte toplo vodo in si najdite miren prostor, da vas nih\u010de ne bo motil. Svetlobne meditacije so vodene, tako da sledite glasu. Vmes boste sli\u0161ali zvoke, besede, glasove, ki ne bodo razumljivi &#8211; to je svetlobni jezik, to so svetlobne aktivacije, ki bodo <strong><em>pospe\u0161ile namero meditacije in jo energijsko zelo podprle<\/em><\/strong>. To so intuitivno kanalizirani zvoki, besede ali melodije, obi\u010dajno nerazumljivi na\u0161emu umu, vendar jih bo razumelo na\u0161e srce. Bodite odprti in se prepustite tem visokim frekvencam. Te vibracije delujejo kot klju\u010di, ki odpirajo energijske poti, spodbujajo preto\u010dnost in dvigujejo na\u0161o zavest.<\/p>\n<p>Pogosto so meditacije podprte z vizualizacijami. \u010ce ne zmorete vizualizirati, si samo predstavljajte, ob\u010dutite &#8230; poskusite si zamisliti, kako bi bilo, \u010de bi to do\u017eiveli. Ni\u010d ne bo narobe, \u010de ne boste mogli vizualizirati.<\/p>\n<p>\u010ce se bo med svetlobno meditacijo karkoli dogajalo na kateri koli ravni va\u0161ega telesa (fizi\u010dni, umski, \u010dustveni, energijski), samo dovolite, da se dogaja (ne zaustavljajte in ne spreminjajte ni\u010desar). Tako se tudi ka\u017ee, da so se energije za\u010dele premikati in grejo svojo pot. Predihajte, dovolite, spustite.<\/p>\n<p>\u010ce se pojavijo reakcijo, jih samo predihajte, ali pa mi pi\u0161ite, da umiriva procesiranje. Telo bo integriralo energije \u0161e nekaj dni, zato veliko pijte in si dajte to, kar od vas telo tudi zahteva (ve\u010d po\u010ditka &#8230;), \u010de imate mo\u017enost. Morda bodo tudi sanje bolj aktivne, \u017eive, saj se skozi sanje procesirajo dolo\u010dene zastale energije, morda celo travme. Lahko si jih pi\u0161ete in \u010dez \u010das potegnete rde\u010do nit, kaj se je procesiralo.<\/p>\n<p><strong><br \/>\nZakaj izbrati svetlobno meditacijo?<\/strong><br \/>\nSvetlobna meditacija presega obi\u010dajne meditativne tehnike, saj vklju\u010duje aktivacije s svetlobnim jezikom, ki aktivirajo energijske spremembe na globoki ravni. To je globoka\u00a0 z d r a v i l n a\u00a0 meditacija, ki deluje celostno \u2013 ne samo na fizi\u010dni in \u010dustveni ravni, temve\u010d tudi na duhovnem nivoju, kjer nas podpira pri \u0161irjenju zavesti in ustvarjanju harmonije. Je idealna izbira za vse, ki \u017eelite prese\u010di omejitve na vseh nivojih, raztopiti notranje blokade in se uskladiti z vi\u0161jim smislom va\u0161ega obstoja.<\/p>\n<p>\ud83d\udcab\ud83d\udcab\ud83d\udcab<\/p>\n","protected":false},"excerpt":{"rendered":"<p>Svetlobna meditacija za \u010di\u0161\u010denje stresa iz celic je namenjena vsem, ki \u010dutite, da vas stres \u0161e vedno iz\u010drpava, ne glede na to, kaj vse po\u010dnete, da ostanete v svojem ravnovesju. Vklju\u010duje aktivacije s svetlobnim jezikom, ki ustvarjajo personalizirano \u010di\u0161\u010denje stresa iz celic ter spro\u0161\u010danje in ravnovesje na vseh nivojih na\u0161ega telesa.<\/p>\n","protected":false},"featured_media":1183,"template":"","meta":[],"product_brand":[],"product_cat":[27,34,46],"product_tag":[33,36,35,30],"class_list":{"0":"post-1182","1":"product","2":"type-product","3":"status-publish","4":"has-post-thumbnail","6":"product_cat-meditacije","7":"product_cat-svetlobne-meditacije","8":"product_cat-svetlobne-meditacije-meditacije","9":"product_tag-energijska-podpora","10":"product_tag-meditacija","11":"product_tag-svetlobna-meditacija","12":"product_tag-svetlobni-jezik","14":"first","15":"instock","16":"sale","17":"virtual","18":"purchasable","19":"product-type-simple"},"jetpack_sharing_enabled":true,"_links":{"self":[{"href":"https:\/\/pure-vibration.com\/shop\/wp-json\/wp\/v2\/product\/1182","targetHints":{"allow":["GET"]}}],"collection":[{"href":"https:\/\/pure-vibration.com\/shop\/wp-json\/wp\/v2\/product"}],"about":[{"href":"https:\/\/pure-vibration.com\/shop\/wp-json\/wp\/v2\/types\/product"}],"wp:featuredmedia":[{"embeddable":true,"href":"https:\/\/pure-vibration.com\/shop\/wp-json\/wp\/v2\/media\/1183"}],"wp:attachment":[{"href":"https:\/\/pure-vibration.com\/shop\/wp-json\/wp\/v2\/media?parent=1182"}],"wp:term":[{"taxonomy":"product_brand","embeddable":true,"href":"https:\/\/pure-vibration.com\/shop\/wp-json\/wp\/v2\/product_brand?post=1182"},{"taxonomy":"product_cat","embeddable":true,"href":"https:\/\/pure-vibration.com\/shop\/wp-json\/wp\/v2\/product_cat?post=1182"},{"taxonomy":"product_tag","embeddable":true,"href":"https:\/\/pure-vibration.com\/shop\/wp-json\/wp\/v2\/product_tag?post=1182"}],"curies":[{"name":"wp","href":"https:\/\/api.w.org\/{rel}","templated":true}]}}