{"id":1193,"date":"2025-02-10T20:15:00","date_gmt":"2025-02-10T20:15:00","guid":{"rendered":"https:\/\/pure-vibration.com\/shop\/?post_type=product&#038;p=1193"},"modified":"2025-08-31T18:22:32","modified_gmt":"2025-08-31T18:22:32","slug":"moje-poslanstvo-porocilo","status":"publish","type":"product","link":"https:\/\/pure-vibration.com\/shop\/izdelek\/moje-poslanstvo-porocilo\/","title":{"rendered":"Moje poslanstvo &#8211; poro\u010dilo"},"content":{"rendered":"<h2><strong>Moje resni\u010dno postanstvo<\/strong><\/h2>\n<p>&nbsp;<\/p>\n<p>Se kdaj spra\u0161ujete, kaj je va\u0161e pravo poslanstvo v \u017eivljenju? Imate ob\u010dutek, da i\u0161\u010dete svojo pot, vendar se nikakor ne morete odlo\u010diti, kaj je tisto, kar vam bo prineslo resni\u010dno zadovoljstvo? Morda \u0161e niste odkrili svojega notranjega vodstva, ki vas usmerja v pravo smer.<\/p>\n<p>Vabim vas, da naro\u010dite <strong>Poro\u010dilo o poslanstvu<\/strong>, ki vam bo razkrilo odgovore na ta in mnoge druge izzive. Na podlagi zelo stare in natan\u010dne vede, 9 Star Ki, bomo raziskali va\u0161o Izvorno kodo in na\u0161li to\u010dno tisto, kar je namenjeno vam.<\/p>\n<p>&nbsp;<\/p>\n<p><strong>KAJ VSE PREJMETE V PORO\u010cILU O POSLANSTVU?<\/strong><\/p>\n<p>\ud83d\udd39 Kratek opis va\u0161e osnovne energije (del\u010dek vas) \u2013 spoznajte temelj va\u0161ega osebnega energetskega zapisa, ki je le del\u010dek va\u0161e Izvorne kode.<\/p>\n<p>\ud83d\udd39 Va\u0161a karierna pot \u2013 kaj vam narekuje Izvorna koda? Katere vrste dela so vam pisane na ko\u017eo in pri katerih boste najbolj v svojem elementu? Odkrijte, katera podro\u010dja vam omogo\u010dajo najve\u010djo izpolnitev.<\/p>\n<p>\ud83d\udd39 Va\u0161i \u017eivljenjski izzivi \u2013 ko boste prepoznali svoja nagnjenja in izzive, jih boste la\u017eje sprejeli. Poro\u010dilo vam bo pomagalo razumeti, s katerimi izzivi se boste soo\u010dali skozi celo \u017eivljenje in kako se nanje pripraviti.<\/p>\n<p>\ud83d\udd39 Va\u0161a pot in poslanstvo \u2013 kaj je va\u0161e pravo poslanstvo? Kaj vas resni\u010dno izpolnjuje in v \u010dem boste na\u0161li svojo notranjo svobodo?<\/p>\n<p>&nbsp;<\/p>\n<p>Poleg tega prejmete \u0161e darilo:<\/p>\n<p>&#8211; <strong>kanalizirano sporo\u010dilo<\/strong>, ki vam bo pomagalo razumeti, kako najbolje slediti svojemu poslanstvu.<\/p>\n<p>&nbsp;<\/p>\n<p>Ve\u010d o branju obraza in metodi 9 star ki, iz katerih se razbere Izvorna koda, pa najdete <a href=\"https:\/\/pure-vibration.com\/storitve\/individualni-programi\/izvorna-koda\/\"><strong>TUKAJ<\/strong><\/a>.<\/p>\n","protected":false},"excerpt":{"rendered":"<p>Poro\u010dilo o va\u0161em poslanstvu vam bo podalo smernice glede kariere in na splo\u0161no va\u0161e poti &#8211; kaj je tista glavna namera, s katero ste se rodili in vas bo vedno osre\u010devala in zadovoljila, \u010de ji boste sledili. Prejmete tudi kanalizirano sporo\u010dilo glede va\u0161e poti.<\/p>\n","protected":false},"featured_media":1237,"template":"","meta":[],"product_brand":[],"product_cat":[28],"product_tag":[],"class_list":{"0":"post-1193","1":"product","2":"type-product","3":"status-publish","4":"has-post-thumbnail","6":"product_cat-izvorna-koda","8":"first","9":"instock","10":"virtual","11":"purchasable","12":"product-type-simple"},"jetpack_sharing_enabled":true,"_links":{"self":[{"href":"https:\/\/pure-vibration.com\/shop\/wp-json\/wp\/v2\/product\/1193","targetHints":{"allow":["GET"]}}],"collection":[{"href":"https:\/\/pure-vibration.com\/shop\/wp-json\/wp\/v2\/product"}],"about":[{"href":"https:\/\/pure-vibration.com\/shop\/wp-json\/wp\/v2\/types\/product"}],"wp:featuredmedia":[{"embeddable":true,"href":"https:\/\/pure-vibration.com\/shop\/wp-json\/wp\/v2\/media\/1237"}],"wp:attachment":[{"href":"https:\/\/pure-vibration.com\/shop\/wp-json\/wp\/v2\/media?parent=1193"}],"wp:term":[{"taxonomy":"product_brand","embeddable":true,"href":"https:\/\/pure-vibration.com\/shop\/wp-json\/wp\/v2\/product_brand?post=1193"},{"taxonomy":"product_cat","embeddable":true,"href":"https:\/\/pure-vibration.com\/shop\/wp-json\/wp\/v2\/product_cat?post=1193"},{"taxonomy":"product_tag","embeddable":true,"href":"https:\/\/pure-vibration.com\/shop\/wp-json\/wp\/v2\/product_tag?post=1193"}],"curies":[{"name":"wp","href":"https:\/\/api.w.org\/{rel}","templated":true}]}}