{"id":1195,"date":"2025-02-10T20:42:33","date_gmt":"2025-02-10T20:42:33","guid":{"rendered":"https:\/\/pure-vibration.com\/shop\/?post_type=product&#038;p=1195"},"modified":"2025-05-29T12:34:35","modified_gmt":"2025-05-29T12:34:35","slug":"coaching-za-pare","status":"publish","type":"product","link":"https:\/\/pure-vibration.com\/shop\/izdelek\/coaching-za-pare\/","title":{"rendered":"Coaching za pare"},"content":{"rendered":"<h2><strong>Coaching za pare &#8211; na podlagi vajine Izvorne kode<\/strong><\/h2>\n<p>Ste se kdaj vpra\u0161ali, zakaj se s partnerjem v dolo\u010denih situacijah vedno znova znajdeta v podobnih nesoglasjih? Zakaj se na nekatere stvari odzivata povsem druga\u010de? Vsak izmed nas je unikaten \u2013 rodili smo se z <strong>Izvorno kodo<\/strong>, energijskim zapisom, ki dolo\u010da na\u0161 na\u010din razmi\u0161ljanja, \u010dustvovanja in delovanja v odnosih.<\/p>\n<p>Ko razumemo, kako smo energijsko oblikovani, lahko tudi la\u017eje razumemo svojega partnerja \u2013 in s tem ustvarimo bolj <strong>harmoni\u010den, povezan in ljube\u010d odnos<\/strong>.<\/p>\n<p>&nbsp;<\/p>\n<p><strong>KAJ BOSTA ODKRILA NA SVETOVANJU?<\/strong><\/p>\n<p>\ud83d\udd39 <strong>Vajini osebni energijski kodi<\/strong> \u2013 spoznala bosta, kaj vaju oblikuje, katere so vajine osnovne zna\u010dilnosti in kako to vpliva na vajino dinamiko odnosa.<\/p>\n<p>\ud83d\udd39 <strong>Zakaj se dolo\u010deni vzorci v odnosu ponavljajo<\/strong> \u2013 razumela bosta, od kod izvirajo dolo\u010dene te\u017eave in kako jih preobraziti v prilo\u017enosti za rast.<\/p>\n<p>\ud83d\udd39 <strong>Bolj\u0161e razumevanje drug drugega<\/strong> \u2013 ko poznamo partnerjevo notranjo energijo, la\u017eje sprejemamo njegove reakcije in \u010dustva ter se izognemo nepotrebnim nesporazumom.<\/p>\n<p>\ud83d\udd39 <strong>Komunikacija in \u010dustvena povezanost<\/strong> \u2013 kako uskladiti vajini razli\u010dni energiji, da bo komunikacija la\u017eja in globlja?<\/p>\n<p>\ud83d\udd39 <strong>Coaching za harmoni\u010den odnos<\/strong> \u2013 konkretni nasveti in usmeritve, kako graditi <strong>zaupanje, bli\u017eino in stabilnost<\/strong> v vajinem odnosu.<\/p>\n<p>&nbsp;<\/p>\n<p><strong>KAKO POTEKA COACHING?<\/strong><\/p>\n<p><strong>&#8211; Trajanje:<\/strong> do 1,5 ure (preko video ali telefonskega klica)<br \/>\n<strong>&#8211; Prilagojeno vama<\/strong> \u2013 coaching temelji na vajinih izvornih kodah in konkretnih vpra\u0161anjih, ki jih imata.<br \/>\n<strong>&#8211; Coaching lahko le za eno osebo<\/strong> &#8211; na coaching se lahko oglasi le en od partnerjev, \u010de drugi ne \u017eeli; \u017ee to, da en razume delovanje obeh, se lahko zgodijo ogromne spremembe!<br \/>\n<strong>&#8211; Globok vpogled in razumevanje<\/strong> \u2013 ne gre le za teorijo, temve\u010d za prakti\u010dne re\u0161itve, ki jih lahko takoj uporabita v vsakdanjem \u017eivljenju.<\/p>\n<p>&nbsp;<\/p>\n<p><strong>ZA KOGA JE TO SVETOVANJE?<\/strong><\/p>\n<p>\u2714 Za pare, ki \u017eelijo globlje razumeti svoj odnos.<br \/>\n\u2714 Za tiste, ki se pogosto soo\u010dajo z nerazumevanjem ali nesporazumi (tudi druge odnose: mati-h\u010di, brat-sestra, snaha-ta\u0161\u010da, prijateljici &#8230;)<br \/>\n\u2714 Za pare, ki si \u017eelijo ve\u010d ljubezni, povezanosti in harmonije.<br \/>\n\u2714 Za tiste, ki \u017eelijo izbolj\u0161ati komunikacijo in prepoznati partnerjeve potrebe (oz. potrebe druge osebe).<\/p>\n<p>&nbsp;<\/p>\n<p><strong>Spo\u0161tovanje, razumevanje in ljubezen se poglobijo, ko zares razumemo drug drugega. Naj vama Izvorna koda poka\u017ee pot do resni\u010dne povezanosti.<\/strong><\/p>\n<p>&nbsp;<\/p>\n<p>&nbsp;<\/p>\n<p>Svetlobna podpora za pare, ki zmeh\u010da, odstrani in\/ali te\u017eke energije in nizke vibracije, ki so se lahko nabirale skozi leta v vajinem odnosu &#8211; <strong><a href=\"https:\/\/pure-vibration.com\/shop\/izdelek\/svetlobni-spa-za-pare\/\">Svetlobni SPA za pare<\/a><\/strong>.<\/p>\n<p>&nbsp;<\/p>\n<p>Ve\u010d o branju obraza in metodi 9 star ki, iz katerih se razbere Izvorna koda, pa najdete <a href=\"https:\/\/pure-vibration.com\/storitve\/individualni-programi\/izvorna-koda\/\"><strong>TUKAJ<\/strong><\/a>.<\/p>\n","protected":false},"excerpt":{"rendered":"<p>Coaching do 1,5h na podlagi vajine Izvorne kode &#8211; razumevanje vsakega posebej in odnosa, zakaj, kaj, kako in smernice za naprej. Ko razumemo, postane odnos enostavnej\u0161i, bolj razumevajo\u010d, z ve\u010d spo\u0161tovanja in ljubezni.<\/p>\n","protected":false},"featured_media":1196,"template":"","meta":[],"product_brand":[],"product_cat":[28,39],"product_tag":[],"class_list":{"0":"post-1195","1":"product","2":"type-product","3":"status-publish","4":"has-post-thumbnail","6":"product_cat-izvorna-koda","7":"product_cat-svetovanje-in-coaching","9":"first","10":"instock","11":"virtual","12":"purchasable","13":"product-type-simple"},"jetpack_sharing_enabled":true,"_links":{"self":[{"href":"https:\/\/pure-vibration.com\/shop\/wp-json\/wp\/v2\/product\/1195","targetHints":{"allow":["GET"]}}],"collection":[{"href":"https:\/\/pure-vibration.com\/shop\/wp-json\/wp\/v2\/product"}],"about":[{"href":"https:\/\/pure-vibration.com\/shop\/wp-json\/wp\/v2\/types\/product"}],"wp:featuredmedia":[{"embeddable":true,"href":"https:\/\/pure-vibration.com\/shop\/wp-json\/wp\/v2\/media\/1196"}],"wp:attachment":[{"href":"https:\/\/pure-vibration.com\/shop\/wp-json\/wp\/v2\/media?parent=1195"}],"wp:term":[{"taxonomy":"product_brand","embeddable":true,"href":"https:\/\/pure-vibration.com\/shop\/wp-json\/wp\/v2\/product_brand?post=1195"},{"taxonomy":"product_cat","embeddable":true,"href":"https:\/\/pure-vibration.com\/shop\/wp-json\/wp\/v2\/product_cat?post=1195"},{"taxonomy":"product_tag","embeddable":true,"href":"https:\/\/pure-vibration.com\/shop\/wp-json\/wp\/v2\/product_tag?post=1195"}],"curies":[{"name":"wp","href":"https:\/\/api.w.org\/{rel}","templated":true}]}}