{"id":1213,"date":"2025-02-16T08:15:03","date_gmt":"2025-02-16T08:15:03","guid":{"rendered":"https:\/\/pure-vibration.com\/shop\/?post_type=product&#038;p=1213"},"modified":"2025-03-12T07:38:19","modified_gmt":"2025-03-12T07:38:19","slug":"celostni-coaching","status":"publish","type":"product","link":"https:\/\/pure-vibration.com\/shop\/izdelek\/celostni-coaching\/","title":{"rendered":"Celostni coaching"},"content":{"rendered":"<h2><strong>Celostni coaching<br \/>\n<\/strong><\/h2>\n<p data-start=\"72\" data-end=\"293\">Celostni coaching je poglobljen proces osebne preobrazbe, ki vas podpira pri iskanju notranjega ravnovesja, pove\u010danju \u017eivljenjske energije in premagovanju izzivov na vseh ravneh \u2013 fizi\u010dni, \u010dustveni, mentalni in duhovni. <strong>Zajema \u010disto vse, kar nekdo potrebuje. Je individualiziran pristop k va\u0161emu fizi\u010dnemu, \u010dustvenemu, mentalnemu in energijskemu ravnovesju. <\/strong>Primeren je za vse, ki se soo\u010date z zdravstvenimi izzivi, stresom, utrujenostjo, omejujo\u010dimi prepri\u010danji, odnosi in\/ali iskanjem \u017eivljenjskega poslanstva.<\/p>\n<h4 data-start=\"295\" data-end=\"326\"><strong data-start=\"300\" data-end=\"324\">Za koga je primeren?<\/strong><\/h4>\n<p data-start=\"327\" data-end=\"654\">Celostni coaching je namenjen tistim, ki si \u017eelijo re\u0161itev glede svojih izzivov in ki \u010dutijo, da so potrebni vpogledi na vseh nivojih:<br data-start=\"368\" data-end=\"371\" \/>\u2714\ufe0f fizi\u010dnem: celostno svetovanje po TKM in naturopatiji za ustvarjanje ravnovesja<br data-start=\"436\" data-end=\"439\" \/>\u2714\ufe0f umskem: vpogled v omejujo\u010da prepri\u010danja in vzorce<br data-start=\"503\" data-end=\"506\" \/>\u2714\ufe0f \u010dustvenem: vpogled v omejujo\u010da in\/ali potla\u010dena \u010dustva<br data-start=\"586\" data-end=\"589\" \/>\u2714\ufe0f energijskem: uravnove\u0161anje biopolja, kar vpiva na vse druge nivoje<\/p>\n<p data-start=\"327\" data-end=\"654\">Ker nismo le telo, ampak celota &#8211; zato ustvarjamo ravnovesje na vseh nivojih.<\/p>\n<h4 data-start=\"656\" data-end=\"679\"><strong data-start=\"661\" data-end=\"677\">Kako poteka?<\/strong><\/h4>\n<ul>\n<li>sporo\u010dite mi datum rojstva, v \u017eivo pa greva na splo\u0161no in na kratko \u010dez tvoj <a href=\"https:\/\/pure-vibration.com\/storitve\/individualni-programi\/branje-obraza\/\"><strong>osebni blueprint<\/strong><\/a> <strong>\u2013 Izvorno kodo <\/strong>(glede te\u017eav in zakaj so te\u017eave tak\u0161ne, kot so!!!), da spozna\u0161 sebe v mogo\u010de malo druga\u010dni lu\u010di (<em>duhovna veja TKM<\/em>)<\/li>\n<li>iz tega sledi <strong>pogovor, svetovanje, coaching<\/strong> glede tvojega trenutnega stanja (tudi po na\u010delih tradicionalne kitajske medicine, naturopatije \u2013 ugotavljanje vzrokov za te\u017eave in specifi\u010dna obravnava po TKM protokolu, morebitna naravna terapija in protokoli \u2013 dodatki, zeli\u0161\u010da, protokoli, vaje \u2026)<\/li>\n<li>vse skupaj podpreva z mini <strong>energijsko seanso<\/strong> in vidiva, kaj se bo ponovno odprlo in \u010demu se posvetiva na naslednjem koraku<\/li>\n<li>lahko se <strong>osredoto\u010diva na razli\u010dne tematike<\/strong>: prehrano, spanje in na splo\u0161no po\u010dutje (po na\u010delih tradicionalne kitajske medicine in naturopatije), na omejujo\u010da prepri\u010danja, travme, zastala \u010dustva, finance, odnose, kariero, postavljanje mej, zdravstvene te\u017eave, partnerske izzive, poslanstvo itd.<\/li>\n<\/ul>\n<p>&nbsp;<\/p>\n<p>Ve\u010d o Celostnem coachingu najdete <a href=\"https:\/\/pure-vibration.com\/storitve\/individualni-programi\/svetovanja-in-coachingi\/celostna\/\"><strong>TUKAJ<\/strong><\/a>.<\/p>\n<p>&nbsp;<\/p>\n<p>Coaching je varen prostor, kjer lahko v svojem tempu raziskujete svojo resni\u010dno naravo in ustvarjate \u017eivljenje v skladu s svojim bistvom.<\/p>\n<p>&nbsp;<\/p>\n<p>Ve\u010d o branju obraza in metodi 9 star ki, iz katerih se razbere Izvorna koda, pa najdete <a href=\"https:\/\/pure-vibration.com\/storitve\/individualni-programi\/izvorna-koda\/\"><strong>TUKAJ<\/strong><\/a>.<\/p>\n","protected":false},"excerpt":{"rendered":"<p>Celostno svetovanje in coaching do 1,5h na podlagi va\u0161e Izvorne kode, globljega energijske vpogleda, va\u0161ega trenutnega stanja na podlagi na\u010del TKM in naturopatije itd., kjer prejmete nasvete, smernice, vaje, orodja, energijsko podporo itd. &#8211; celostni vpogled in celostna obravnava.<\/p>\n","protected":false},"featured_media":1215,"template":"","meta":[],"product_brand":[],"product_cat":[39],"product_tag":[],"class_list":{"0":"post-1213","1":"product","2":"type-product","3":"status-publish","4":"has-post-thumbnail","6":"product_cat-svetovanje-in-coaching","8":"first","9":"instock","10":"virtual","11":"purchasable","12":"product-type-simple"},"jetpack_sharing_enabled":true,"_links":{"self":[{"href":"https:\/\/pure-vibration.com\/shop\/wp-json\/wp\/v2\/product\/1213","targetHints":{"allow":["GET"]}}],"collection":[{"href":"https:\/\/pure-vibration.com\/shop\/wp-json\/wp\/v2\/product"}],"about":[{"href":"https:\/\/pure-vibration.com\/shop\/wp-json\/wp\/v2\/types\/product"}],"wp:featuredmedia":[{"embeddable":true,"href":"https:\/\/pure-vibration.com\/shop\/wp-json\/wp\/v2\/media\/1215"}],"wp:attachment":[{"href":"https:\/\/pure-vibration.com\/shop\/wp-json\/wp\/v2\/media?parent=1213"}],"wp:term":[{"taxonomy":"product_brand","embeddable":true,"href":"https:\/\/pure-vibration.com\/shop\/wp-json\/wp\/v2\/product_brand?post=1213"},{"taxonomy":"product_cat","embeddable":true,"href":"https:\/\/pure-vibration.com\/shop\/wp-json\/wp\/v2\/product_cat?post=1213"},{"taxonomy":"product_tag","embeddable":true,"href":"https:\/\/pure-vibration.com\/shop\/wp-json\/wp\/v2\/product_tag?post=1213"}],"curies":[{"name":"wp","href":"https:\/\/api.w.org\/{rel}","templated":true}]}}