{"id":1226,"date":"2025-02-16T12:53:04","date_gmt":"2025-02-16T12:53:04","guid":{"rendered":"https:\/\/pure-vibration.com\/shop\/?post_type=product&#038;p=1226"},"modified":"2025-03-12T07:36:17","modified_gmt":"2025-03-12T07:36:17","slug":"moja-izvorna-koda-porocilo","status":"publish","type":"product","link":"https:\/\/pure-vibration.com\/shop\/izdelek\/moja-izvorna-koda-porocilo\/","title":{"rendered":"Moja izvorna koda &#8211; poro\u010dilo"},"content":{"rendered":"<h2><strong>Moja izvorna koda &#8211; poro\u010dilo<\/strong><\/h2>\n<p>&nbsp;<\/p>\n<p>IZVORNA KODA \u2013 VA\u0160 UNIKATNI ZAPIS, KI ODKRIVA VA\u0160O RESNI\u010cNO NARAVO<\/p>\n<p>Ste si kdaj zares \u017eeleli razumeti, zakaj se stvari v va\u0161em \u017eivljenju ponavljajo? Zakaj se odlo\u010date tako, kot se, ali pa zakaj imate dolo\u010dene izzive v odnosih? Va\u0161 obraz in datum rojstva nosita odgovore, ki so zapisani v Izvorni kodi, a jih pogosto ne znamo prepoznati.<\/p>\n<p>Branje obraza in 9 Star Ki sta edinstveni orodji, ki vam omogo\u010dita, da se poglobite v svojo notranjo energijo in odkrijete, kdo ste v resnici.<\/p>\n<p><strong>KAJ VSE BOSTE IZVEDELI v PORO\u010cILU?<\/strong><br \/>\nV PDF poro\u010dilu boste lahko izvedeli \u0161tevilne stvari o sebi, ki vam bodo pomagale bolje razumeti svoj notranji svet, dinamiko odnosov in va\u0161e \u017eivljenjske odlo\u010ditve (odvisno od va\u0161ih \u017eelja, kaj si \u017eelite izvedeti).<\/p>\n<p>\ud83d\udd39 Va\u0161 energijski podpis \u2013 odkrijte, katere so va\u0161e osnovne zna\u010dilnosti in kako jih lahko uporabite za ve\u010djo osebno izpolnjenost.<br \/>\n\ud83d\udd39 Skriti potenciali \u2013 kaj vas resni\u010dno \u017eene, kak\u0161ni so va\u0161i talenti in kako jih lahko razvijate.<br \/>\n\ud83d\udd39 \u017divljenjski vzorci \u2013 katere situacije se ponavljajo in kaj morate spremeniti, da bi jih kon\u010dno premagali.<br \/>\n\ud83d\udd39 Obrazne poteze \u2013 kaj vam povedo o tem, kako vas dojemajo drugi in kako lahko izbolj\u0161ate svojo energijsko interakcijo z okolico.<br \/>\n\ud83d\udd39 Energijska dinamika odnosov \u2013 spoznajte, kako se pove\u017eete z drugimi in katere lastnosti lahko izbolj\u0161ate v komunikaciji.<br \/>\n\ud83d\udd39 Va\u0161 \u017eivljenjski cikel \u2013 kako uskladiti svoje odlo\u010ditve z \u017eivljenjskimi cikli, da dose\u017eete ve\u010djo harmonijo.<\/p>\n<p>&nbsp;<\/p>\n<p><strong>Izvedeli boste glede:<\/strong><\/p>\n<p>&#8211; osnovnega blueprinta<br \/>\n&#8211; va\u0161ega otro\u0161tva<br \/>\n&#8211; kak\u0161en je vtis, ki ga naredite na druge, ko vas prvi\u010d sre\u010dajo<br \/>\n&#8211; kako ste v odnosih<br \/>\n&#8211; kariera, vrste slu\u017eb<br \/>\n&#8211; va\u0161ih izzivov in potencialov<br \/>\n&#8211; va\u0161ega poslanstva &#8230;<\/p>\n<p>&nbsp;<\/p>\n<p><strong>ZAKAJ JE TO POMEMBNO?<\/strong><br \/>\n\ud83d\udc49 Globlje razumevanje sebe \u2013 prepoznali boste svoje notranje mo\u010di, talente in skrite vzorce, ki vas ovirajo.<br \/>\n\ud83d\udc49 Bolj\u0161e odlo\u010ditve \u2013 s tem, ko boste razumeli svojo naravo, boste znali sprejemati bolj usklajene in u\u010dinkovite odlo\u010ditve.<br \/>\n\ud83d\udc49 Izbolj\u0161anje odnosov \u2013 bolj boste razumeli sebe in druge, kar vam bo omogo\u010dilo izbolj\u0161anje osebnih in profesionalnih odnosov.<br \/>\n\ud83d\udc49 Harmonija in ravnovesje \u2013 z usklajevanjem svoje notranje energije boste la\u017eje dosegli notranjo mirnost in zunanji uspeh.<\/p>\n<p>&nbsp;<\/p>\n<p>Morda i\u0161\u010dete odgovore na vpra\u0161anja, ki vas \u017ee dolgo mu\u010dijo, ali pa ste pripravljeni stopiti na pot osebne transformacije. Karkoli je va\u0161 cilj, vam bo svetovanje o va\u0161i <strong>Izvorni kodi<\/strong> ponudilo jasnost, smer in preboje, ki jih i\u0161\u010dete.<\/p>\n<p>&nbsp;<\/p>\n<p><strong>Prejmete PDF poro\u010dilo potem, ko mi po\u0161ljete:<\/strong><\/p>\n<p>&#8211; datum rojstva<br \/>\n&#8211; 4 slike obraza, obrnjenega proti svetlobi (brez li\u010dil, lasje morajo biti po\u010desani nazaj, da je vidno \u010delo in u\u0161esa):<\/p>\n<ol>\n<li>slika od spredaj &#8211; resen obraz<\/li>\n<li>slika od spredaj &#8211; nasmejan obraz<\/li>\n<li>slika levi profil z u\u0161esi<\/li>\n<li>slika desni profil z u\u0161esi<\/li>\n<\/ol>\n<p>&nbsp;<\/p>\n<p>Izdelava poro\u010dila je zahteven prosces in traja nekaj dni.<\/p>\n<p>&nbsp;<\/p>\n<p>Izvorna koda vam bo odprla nova vrata do razumevanja sebe in izbolj\u0161anja va\u0161ega \u017eivljenja. Pot razumevanja sebe in vra\u010danja vase se za\u010dne zdaj!<\/p>\n<p>&nbsp;<\/p>\n<p>Ve\u010d o branju obraza in metodi 9 star ki, iz katerih se razbere Izvorna koda, pa najdete <a href=\"https:\/\/pure-vibration.com\/storitve\/individualni-programi\/izvorna-koda\/\"><strong>TUKAJ<\/strong><\/a>.<\/p>\n","protected":false},"excerpt":{"rendered":"<p>\u017delite vedeti, zakaj tako razmi\u0161ljate, \u010dustvujete in delujete? Zakaj vas vle\u010de v ene in iste vzorce in zakaj se sre\u010dujete z enimi in istimi lekcijami? \u017delite razumeti pravo bit sebe, tisto izvorno energijo, s katero ste se rodili? Kdo ste v resnici?<\/p>\n<p>Vabljeni na branje obraza in va\u0161e osebnostne energije, ki vam lahko prinese ogromno jasnosti in razumevanja, da se va\u0161e \u017eivljenje ponovno obrne na prave tire. Spoznajte svojo Izvorno kodo, naro\u010dite si svoje PRD poro\u010dilo.<\/p>\n","protected":false},"featured_media":1227,"template":"","meta":[],"product_brand":[],"product_cat":[28],"product_tag":[],"class_list":{"0":"post-1226","1":"product","2":"type-product","3":"status-publish","4":"has-post-thumbnail","6":"product_cat-izvorna-koda","8":"first","9":"instock","10":"virtual","11":"purchasable","12":"product-type-simple"},"jetpack_sharing_enabled":true,"_links":{"self":[{"href":"https:\/\/pure-vibration.com\/shop\/wp-json\/wp\/v2\/product\/1226","targetHints":{"allow":["GET"]}}],"collection":[{"href":"https:\/\/pure-vibration.com\/shop\/wp-json\/wp\/v2\/product"}],"about":[{"href":"https:\/\/pure-vibration.com\/shop\/wp-json\/wp\/v2\/types\/product"}],"wp:featuredmedia":[{"embeddable":true,"href":"https:\/\/pure-vibration.com\/shop\/wp-json\/wp\/v2\/media\/1227"}],"wp:attachment":[{"href":"https:\/\/pure-vibration.com\/shop\/wp-json\/wp\/v2\/media?parent=1226"}],"wp:term":[{"taxonomy":"product_brand","embeddable":true,"href":"https:\/\/pure-vibration.com\/shop\/wp-json\/wp\/v2\/product_brand?post=1226"},{"taxonomy":"product_cat","embeddable":true,"href":"https:\/\/pure-vibration.com\/shop\/wp-json\/wp\/v2\/product_cat?post=1226"},{"taxonomy":"product_tag","embeddable":true,"href":"https:\/\/pure-vibration.com\/shop\/wp-json\/wp\/v2\/product_tag?post=1226"}],"curies":[{"name":"wp","href":"https:\/\/api.w.org\/{rel}","templated":true}]}}