{"id":1228,"date":"2025-02-16T13:33:03","date_gmt":"2025-02-16T13:33:03","guid":{"rendered":"https:\/\/pure-vibration.com\/shop\/?post_type=product&#038;p=1228"},"modified":"2025-02-16T14:18:37","modified_gmt":"2025-02-16T14:18:37","slug":"transformativno-mentorstvo","status":"publish","type":"product","link":"https:\/\/pure-vibration.com\/shop\/izdelek\/transformativno-mentorstvo\/","title":{"rendered":"Transformativno mentorstvo"},"content":{"rendered":"<p>&nbsp;<\/p>\n<p>Bole\u010dine, kroni\u010dne bolezni, depresija \u2026 ni dovolj tabletka, da se re\u0161imo te\u017eav, kar ste verjetno \u017ee opazili, dr\u017ei?<\/p>\n<p>&nbsp;<\/p>\n<p>Smo celota in ne moremo tretirati telesa izven domene uma, \u010dustev in energije. <strong><em>Vse je medsebojno povezano<\/em><\/strong>, \u010disto vsi nivoji!<\/p>\n<p>&nbsp;<\/p>\n<p>Ve\u010d o teh na\u0161ih ravneh si preberite na spodnjih povezavah:<\/p>\n<ul>\n<li><a href=\"https:\/\/pure-vibration.com\/alkimija-telesa\/\">alkimija telesa<\/a><\/li>\n<li><a href=\"https:\/\/pure-vibration.com\/alkimija-uma\/\">alkimija uma<\/a><\/li>\n<li><a href=\"https:\/\/pure-vibration.com\/alkimija-custev\/\">alkimija \u010dustev<\/a><\/li>\n<li><a href=\"https:\/\/pure-vibration.com\/alkimija-duha\/\">alkimija duha<\/a><\/li>\n<\/ul>\n<p>&nbsp;<\/p>\n<p>Kar se dogaja na energijski ravni, kjer se najprej dogajajo spremembe, vpliva na vse ostale ravni: na \u010dustveno, umsko in nenazadnje \u0161e na telesno.<\/p>\n<p><img loading=\"lazy\" decoding=\"async\" class=\"size-medium wp-image-1030 alignleft\" src=\"https:\/\/pure-vibration.com\/wp-content\/uploads\/2021\/06\/sunset-1081739_1920-300x200.jpg\" sizes=\"auto, (max-width: 300px) 100vw, 300px\" srcset=\"https:\/\/pure-vibration.com\/wp-content\/uploads\/2021\/06\/sunset-1081739_1920-300x200.jpg 300w, https:\/\/pure-vibration.com\/wp-content\/uploads\/2021\/06\/sunset-1081739_1920-600x400.jpg 600w, https:\/\/pure-vibration.com\/wp-content\/uploads\/2021\/06\/sunset-1081739_1920-1024x682.jpg 1024w, https:\/\/pure-vibration.com\/wp-content\/uploads\/2021\/06\/sunset-1081739_1920-768x512.jpg 768w, https:\/\/pure-vibration.com\/wp-content\/uploads\/2021\/06\/sunset-1081739_1920-1536x1023.jpg 1536w, https:\/\/pure-vibration.com\/wp-content\/uploads\/2021\/06\/sunset-1081739_1920-1140x759.jpg 1140w, https:\/\/pure-vibration.com\/wp-content\/uploads\/2021\/06\/sunset-1081739_1920.jpg 1920w\" alt=\"\" width=\"300\" height=\"200\" \/><\/p>\n<p>&nbsp;<\/p>\n<p>\u010ce smo pod \u010dustvenim stresom, se bo to vsekakor poznalo tudi na ravni uma, telesa in energije, je tako?<\/p>\n<p>&nbsp;<\/p>\n<p>Vse ravni medsebojno sovplivajo in \u010de \u017eelimo <em><strong>ustvariti harmonijo in optimalno delovanje<\/strong><\/em>, moramo upo\u0161tevati vse 4 nivoje!<\/p>\n<p>&nbsp;<\/p>\n<p>&nbsp;<\/p>\n<p><strong>In ravno to po\u010dnemo v Transformativnem mentorstvu, kjer delujemo na:<\/strong><\/p>\n<ol>\n<li><strong>energijski nivo<\/strong>: ustvarjamo ravnovesje v na\u0161em biopolju, kar se preslika na vse ostale nivoje (s tem meh\u010damo in \u010distimo omejujo\u010de vzorce, prepri\u010danja, travme na umskem nivoju, zastala \u010dustva pa na \u010dustvenem)<\/li>\n<li><strong>\u010dustveni nivo<\/strong>: skozi svetovanje, terapiranje in coaching meh\u010damo zastala \u010dustva, ki ustvarjajo nepreto\u010dnost tudi na telesni ravni; oblikujemo zdrave meje, odnose z drugimi in samim seboj<\/li>\n<li><strong>umski nivo<\/strong>: omejujo\u010de vzorce in prepri\u010danja, pa tudi travme iz preteklosti s pomo\u010djo razli\u010dnih prijemov meh\u010damo, \u010distimo, odstranjujemo blokade z vseh nivojev, tudi tiste, ki sploh niso na\u0161e ali jih vle\u010demo s seboj po liniji prednikov ali s preteklih \u017eivljenj<\/li>\n<li><strong>telesni nivo<\/strong>: s pomo\u010djo smernic, orodij, vaj, dodatkov, vodil itd. ustvarjamo ravnovesje tudi s fizi\u010dnega vidika<\/li>\n<\/ol>\n<p>&nbsp;<\/p>\n<p>Z enegijskimi seansami <a href=\"https:\/\/pure-vibration.com\/storitve\/individualni-programi\/energijske-seanse-in-terapije\/\"><em><strong>PureVibe quantum healing<\/strong><\/em><\/a> in <strong><a href=\"https:\/\/pure-vibration.com\/aktivacije-s-svetlobnim-jezikom\/\"><em>Svetlobnimi seansami<\/em> <\/a><\/strong>+ vsemi drugimi energijskimi orodji (zdravljenje z duhovnimi zdravilci, svetlobnimi bitji, galakti\u010dnimi frekvencami itd.) delujemo neposredno na biopolje, kjer se nahajajo vsi vzroki za na\u0161a neravnovesja in podpremo vse ostalo delo, da pridemo hitreje do rezultatov, in to globljih in trajnih.<\/p>\n<p>&nbsp;<\/p>\n<p>\u010ce je potrebno, pogledamo v pretekla \u017eivljenja in po liniji prednikov ter preoblikujemo energijske vezi, ki jih vle\u010demo od tam, da danes na nas nimajo ve\u010d takega negativnega vpliva. Odstranjujemo \u0161kodljive vezi na vseh nivojih, vle\u010demo nazaj dele sebe in potujemo v druge dimenzije po podporo.<\/p>\n<p>&nbsp;<\/p>\n<p>&nbsp;<\/p>\n<p>To so globoka sre\u010danja, kjer delujeva ves \u010das <strong>popolnoma personalizirano<\/strong>!<\/p>\n<p>To pomeni, da ni to\u010dno dolo\u010denega, natan\u010dnega na\u010drta, kaj bomo kdaj po\u010deli, kak\u0161en je vrsti red, ampak sproti vidiva, kaj energijske seanse prinesejo na pla\u010dno, da je \u017ee \u010das, da odide. Delujeva popolnoma <strong><em>v va\u0161em tempu<\/em><\/strong> na tistem nivoju, za katerega v tem trenutku potrebujete podporo, \u010di\u0161\u010denje, meh\u010danje, dovajanje visokih vibracij.<\/p>\n<p>Isto\u010dano pa to\u010dno veva, \u010desa vse se morava dotakniti in kam morava pogledati, da najdeva to, kar i\u0161\u010deva, da ustvariva ponovno ravnovesje. Veva, katere prijeme uporabiti ob dolo\u010denih trenutkih, smernice in vodila so jasna, naloge, ki jih prejmete za doma, pa niso te\u017eke.<\/p>\n<p>&nbsp;<\/p>\n<p><img loading=\"lazy\" decoding=\"async\" class=\" wp-image-1565 alignright\" src=\"https:\/\/pure-vibration.com\/wp-content\/uploads\/2021\/09\/woman-1245817_1920-1-300x204.jpg\" sizes=\"auto, (max-width: 216px) 100vw, 216px\" srcset=\"https:\/\/pure-vibration.com\/wp-content\/uploads\/2021\/09\/woman-1245817_1920-1-300x204.jpg 300w, https:\/\/pure-vibration.com\/wp-content\/uploads\/2021\/09\/woman-1245817_1920-1-600x408.jpg 600w, https:\/\/pure-vibration.com\/wp-content\/uploads\/2021\/09\/woman-1245817_1920-1-1024x696.jpg 1024w, https:\/\/pure-vibration.com\/wp-content\/uploads\/2021\/09\/woman-1245817_1920-1-768x522.jpg 768w, https:\/\/pure-vibration.com\/wp-content\/uploads\/2021\/09\/woman-1245817_1920-1-1536x1044.jpg 1536w, https:\/\/pure-vibration.com\/wp-content\/uploads\/2021\/09\/woman-1245817_1920-1-1140x775.jpg 1140w, https:\/\/pure-vibration.com\/wp-content\/uploads\/2021\/09\/woman-1245817_1920-1.jpg 1920w\" alt=\"\" width=\"216\" height=\"147\" \/><br \/>\nVsakokrat je sre\u010danje <em><strong>zelo globoko<\/strong><\/em>, isto\u010dasno pa izredno ne\u017eno, da nimate restimuliranih travm, da sprocesirava vse do konca, kolikor lahko in kar ne zmorete sami. Vedeti pa morate, da sem ves \u010das z vami, kadarkoli me potrebujete tudi med enim in drugim sre\u010danjem. Nikoli ne ostanete sami \u2665<\/p>\n<p>&nbsp;<\/p>\n<p>&nbsp;<\/p>\n<p>&nbsp;<\/p>\n<h3>Transformativno mentorstvo<\/h3>\n<p>&nbsp;<\/p>\n<p>Pri transformativnem mentorstvu ni dovolj eno sre\u010danje, ker vsakokrat odpreva nov nivo globine in je \u0161koda, da bi pustili odrtega in nepredelanega, ko enkrat prideva do klju\u010dne to\u010dke, \u010deprav velikokrat \u017ee z enim sre\u010danjem narediva ogromno.<\/p>\n<p>&nbsp;<\/p>\n<p>Za pravo tansformacijo se morava sre\u010dati (ve\u010dinoma prek video klica) ve\u010dkrat, v ta namen pa vam ponujam 2 programa:<\/p>\n<ul>\n<li><strong>6-tedenski program<\/strong>: to pomeni 6 sre\u010danj po cca. 1,5h vsako, enkrat na teden<\/li>\n<li><strong>12-tedenski program<\/strong>: to pomeni 12 sre\u010danj po cca. 1,5h vsako, enkrat na teden<\/li>\n<\/ul>\n<p>Sre\u010danja so odvisna tudi od va\u0161e hitrosti procesiranja, na\u010deloma pa se dobiva vsak teden.<\/p>\n<p>&nbsp;<\/p>\n<p>Ve\u010d informacij, kateri paket izbirate (6-tedenski ali 12-tedenski) in rezervacijo termina pa lahko opravite <strong><a href=\"https:\/\/pure-vibration.com\/storitve\/individualni-programi\/transformativno-mentorstvo\/info@pure-vibration.com\">TUKAJ.<\/a><\/strong><\/p>\n","protected":false},"excerpt":{"rendered":"<p>Transformativno mentorstvo vklju\u010duje vse, kar potrebujete za va\u0161o transformacijo: svetovanje in coaching, energijske podpore vseh vrst, smernice in navodila za delo doma na vseh nivojih (telesnem, umskem, \u010dustvenem, energijskem), poznavanje svoje Izvorne kode itd. Je globoko ve\u010dtedensko delo na sebi. Na voljo 6-tedenski ali 12-tedenski program, po\u0161ljite povpra\u0161evanje na <a href=\"info@pure-vibration.com\">info@pure-vibration.com<\/a>.<\/p>\n","protected":false},"featured_media":1240,"template":"","meta":[],"product_brand":[],"product_cat":[39],"product_tag":[],"class_list":{"0":"post-1228","1":"product","2":"type-product","3":"status-publish","4":"has-post-thumbnail","6":"product_cat-svetovanje-in-coaching","8":"first","9":"instock","10":"shipping-taxable","11":"product-type-external"},"jetpack_sharing_enabled":true,"_links":{"self":[{"href":"https:\/\/pure-vibration.com\/shop\/wp-json\/wp\/v2\/product\/1228","targetHints":{"allow":["GET"]}}],"collection":[{"href":"https:\/\/pure-vibration.com\/shop\/wp-json\/wp\/v2\/product"}],"about":[{"href":"https:\/\/pure-vibration.com\/shop\/wp-json\/wp\/v2\/types\/product"}],"wp:featuredmedia":[{"embeddable":true,"href":"https:\/\/pure-vibration.com\/shop\/wp-json\/wp\/v2\/media\/1240"}],"wp:attachment":[{"href":"https:\/\/pure-vibration.com\/shop\/wp-json\/wp\/v2\/media?parent=1228"}],"wp:term":[{"taxonomy":"product_brand","embeddable":true,"href":"https:\/\/pure-vibration.com\/shop\/wp-json\/wp\/v2\/product_brand?post=1228"},{"taxonomy":"product_cat","embeddable":true,"href":"https:\/\/pure-vibration.com\/shop\/wp-json\/wp\/v2\/product_cat?post=1228"},{"taxonomy":"product_tag","embeddable":true,"href":"https:\/\/pure-vibration.com\/shop\/wp-json\/wp\/v2\/product_tag?post=1228"}],"curies":[{"name":"wp","href":"https:\/\/api.w.org\/{rel}","templated":true}]}}