{"id":393,"date":"2022-11-20T12:35:05","date_gmt":"2022-11-20T12:35:05","guid":{"rendered":"https:\/\/pure-vibration.com\/shop\/?post_type=product&#038;p=393"},"modified":"2025-01-18T11:09:04","modified_gmt":"2025-01-18T11:09:04","slug":"osebni-simbol-moci","status":"publish","type":"product","link":"https:\/\/pure-vibration.com\/shop\/izdelek\/osebni-simbol-moci\/","title":{"rendered":"Osebni simbol mo\u010di"},"content":{"rendered":"<p>&nbsp;<\/p>\n<p>Va\u0161 osebni simbol mo\u010di vas vedno naravna na va\u0161o osnovno frekvenco, v va\u0161o osnovno bit, harmonizira vse va\u0161e nivoje in vas ponovno popelje v pravega sebe. To je va\u0161a mo\u010d, ki jo nosite v sebi &#8211; ko za\u010dutite, da niste ve\u010d v svojem centru, da potrebujete nazaj svojo mo\u010d, vam bo simbolj pri tem v podporo.<\/p>\n<p>V ta simbolj je vtisnjena va\u0161a <em><strong>svetlobna koda<\/strong><\/em>, kot va\u0161 DNK, ki vas vedno povle\u010de nazaj v svojo pravo energijo. Ta simbol je va\u0161 personalizirane amulet, ki vas spomni, kdo ste in kak\u0161no mo\u010d nosite v sebi.<\/p>\n<p>Ob naro\u010dilu si lahko izberete tudi podro\u010dje mo\u010di, ki ga \u017eelite okrepiti. V ta namen bo v simbol vtisnjena dolo\u010dena mo\u010d, ki vas bo spet popeljala v ravnovesje, ki je za vas najbolj optimalno. Na voljo imate podro\u010dja: <strong><em>obilje, kariera, odnosi, dru\u017eina, zdravje<\/em><\/strong> &#8211; enega vpi\u0161ete v OPOMBE, ko ste \u017ee v Blagajni. \u010ce ne izberete nobenega podro\u010dja, prejmete va\u0161 splo\u0161en simbolj mo\u010di.<\/p>\n<p><strong>UPORABA<\/strong>: simbolj shranite na vidno mesto, da se lahko vsakokrat, ko boste za\u010dutili, da potrebujete njegovo podporo, obrnili nanj. Vzamite si nekaj minutk \u010dasa, da se v miru pove\u017eete s svojim simbolom: lahko ga gledate in umirjeno dihate, lahko ga polo\u017eite na svoje srce in se povezujete z njim.<\/p>\n<p>&nbsp;<\/p>\n<p><em>*Ob zdravstvenih te\u017eavah se vedno posvetujte z zdravnikom. Izdelki iz trgovine Pure Vibration SHOP nikoli ne nadomestijo zdravni\u0161ke obravnave.<\/em><\/p>\n<p><strong>\u00a0**<\/strong><em>Slika je <strong>simboli\u010dna<\/strong>, saj gre za\u00a0<strong>unikatne, personalizirane Simbole mo\u010di<\/strong>.<\/em><\/p>\n","protected":false},"excerpt":{"rendered":"<p>Osebni simbol mo\u010di nosi va\u0161o personalizirano kodo, ki vas popelje nazaj v pravega sebe, vas pove\u017ee s svojo notranjo mo\u010djo, s katero ste se rodili.<\/p>\n<p>Ob naro\u010dilu lahko v OPOMBE napi\u0161ete, za katero podro\u010dje \u017eelite, da je svetlobna koda vtisnjena v simbol: <strong><em>obilje, kariera, odnosi, dru\u017eina, zdravje<\/em><\/strong>. \u010ce ne izberete nobenega, prejmete va\u0161 splo\u0161ni osnovni simbol mo\u010di, ki deluje na vsa podro\u010dja va\u0161ega \u017eivljenja.<\/p>\n<p>Ob naro\u010dilu v polje OPOMBE na Blagajni obvezno napi\u0161ite:<\/p>\n<ul>\n<li>ime in priimek osebe, ki ji je simbol mo\u010di namenjen<\/li>\n<li>\u010de bi \u017eeleli posebno podro\u010dje (izberite enega zgoraj), druga\u010de ne napi\u0161ete podro\u010dja in prejme splo\u0161en simbol mo\u010di<\/li>\n<\/ul>\n","protected":false},"featured_media":394,"template":"","meta":[],"product_brand":[],"product_cat":[26],"product_tag":[],"class_list":{"0":"post-393","1":"product","2":"type-product","3":"status-publish","4":"has-post-thumbnail","6":"product_cat-drugo","8":"first","9":"instock","10":"shipping-taxable","11":"purchasable","12":"product-type-simple"},"jetpack_sharing_enabled":true,"_links":{"self":[{"href":"https:\/\/pure-vibration.com\/shop\/wp-json\/wp\/v2\/product\/393","targetHints":{"allow":["GET"]}}],"collection":[{"href":"https:\/\/pure-vibration.com\/shop\/wp-json\/wp\/v2\/product"}],"about":[{"href":"https:\/\/pure-vibration.com\/shop\/wp-json\/wp\/v2\/types\/product"}],"wp:featuredmedia":[{"embeddable":true,"href":"https:\/\/pure-vibration.com\/shop\/wp-json\/wp\/v2\/media\/394"}],"wp:attachment":[{"href":"https:\/\/pure-vibration.com\/shop\/wp-json\/wp\/v2\/media?parent=393"}],"wp:term":[{"taxonomy":"product_brand","embeddable":true,"href":"https:\/\/pure-vibration.com\/shop\/wp-json\/wp\/v2\/product_brand?post=393"},{"taxonomy":"product_cat","embeddable":true,"href":"https:\/\/pure-vibration.com\/shop\/wp-json\/wp\/v2\/product_cat?post=393"},{"taxonomy":"product_tag","embeddable":true,"href":"https:\/\/pure-vibration.com\/shop\/wp-json\/wp\/v2\/product_tag?post=393"}],"curies":[{"name":"wp","href":"https:\/\/api.w.org\/{rel}","templated":true}]}}