{"id":414,"date":"2022-11-20T13:26:09","date_gmt":"2022-11-20T13:26:09","guid":{"rendered":"https:\/\/pure-vibration.com\/shop\/?post_type=product&#038;p=414"},"modified":"2025-07-15T07:44:26","modified_gmt":"2025-07-15T07:44:26","slug":"srcne-zelje","status":"publish","type":"product","link":"https:\/\/pure-vibration.com\/shop\/izdelek\/srcne-zelje\/","title":{"rendered":"Sr\u010dne \u017eelje (posnetek delavnice)"},"content":{"rendered":"<p>&nbsp;<\/p>\n<p>3-dnevna delavnica u\u010denja in prakticiranja manifestiranja sr\u010dnih \u017eelja.<\/p>\n<p>Vklju\u010duje 3 izjemno mo\u010dne in podporne energijske seanse <a href=\"https:\/\/pure-vibration.com\/storitve\/individualni-programi\/energijske-seanse-in-terapije\/celostna-energijska-seansa\/\"><em><strong>PureVibe quantum healing<\/strong><\/em><\/a>, ki vas bodo izjemno\u00a0 podprle pri u\u010denju in prakticiranju manifestiranja. Prejmete 3 video posnetke delavnice (vsak po dobro uro), ki jih poslu\u0161ate 3 zaporedne dni.<\/p>\n<p>&nbsp;<\/p>\n<p>Ve\u010d o delavnici <a href=\"https:\/\/pure-vibration.com\/storitve\/skupinski-programi\/tecaji-in-delavnice\/\"><strong>TUKAJ<\/strong><\/a>.<\/p>\n","protected":false},"excerpt":{"rendered":"<ol>\n<li>povezali se bomo globoko z virom<\/li>\n<li>odprli bomo svoje srce vsemu, kar si \u017eelimo<\/li>\n<li>postali bomo preto\u010den kanal za manifestiranje<\/li>\n<li>ves \u010das bomo v <strong><em>Theta stanju zavesti<\/em><\/strong>, ki je stanje za globoko manifestacijo<\/li>\n<li>ves \u010das bo potekala seansa <a href=\"https:\/\/pure-vibration.com\/storitve\/individualni-programi\/energijske-seanse-in-terapije\/\"><em><strong>PureVibe quantum healing<\/strong><\/em><\/a>, ki nas bo izjemno odprla in podprla pri manifestaciji<\/li>\n<li>manifestirali bomo skozi izjemno tehniko <strong><em>Timeline healing-a<\/em><\/strong>, kjer bomo svoje \u017eelje predali viru<\/li>\n<li>spoznali bomo vsa orodja, ki so potrebna, da se \u017eelje uresni\u010dijo<\/li>\n<\/ol>\n<p>Ste pripravljeni v svoje \u017eivljenje privabiti obilje in vse, kar si va\u0161e srce najbolj \u017eeli?<\/p>\n","protected":false},"featured_media":415,"template":"","meta":[],"product_brand":[],"product_cat":[24],"product_tag":[],"class_list":{"0":"post-414","1":"product","2":"type-product","3":"status-publish","4":"has-post-thumbnail","6":"product_cat-delavnice-in-tecaji","8":"first","9":"instock","10":"virtual","11":"purchasable","12":"product-type-simple"},"jetpack_sharing_enabled":true,"_links":{"self":[{"href":"https:\/\/pure-vibration.com\/shop\/wp-json\/wp\/v2\/product\/414","targetHints":{"allow":["GET"]}}],"collection":[{"href":"https:\/\/pure-vibration.com\/shop\/wp-json\/wp\/v2\/product"}],"about":[{"href":"https:\/\/pure-vibration.com\/shop\/wp-json\/wp\/v2\/types\/product"}],"wp:featuredmedia":[{"embeddable":true,"href":"https:\/\/pure-vibration.com\/shop\/wp-json\/wp\/v2\/media\/415"}],"wp:attachment":[{"href":"https:\/\/pure-vibration.com\/shop\/wp-json\/wp\/v2\/media?parent=414"}],"wp:term":[{"taxonomy":"product_brand","embeddable":true,"href":"https:\/\/pure-vibration.com\/shop\/wp-json\/wp\/v2\/product_brand?post=414"},{"taxonomy":"product_cat","embeddable":true,"href":"https:\/\/pure-vibration.com\/shop\/wp-json\/wp\/v2\/product_cat?post=414"},{"taxonomy":"product_tag","embeddable":true,"href":"https:\/\/pure-vibration.com\/shop\/wp-json\/wp\/v2\/product_tag?post=414"}],"curies":[{"name":"wp","href":"https:\/\/api.w.org\/{rel}","templated":true}]}}