{"id":416,"date":"2022-11-20T13:33:06","date_gmt":"2022-11-20T13:33:06","guid":{"rendered":"https:\/\/pure-vibration.com\/shop\/?post_type=product&#038;p=416"},"modified":"2025-11-20T09:28:54","modified_gmt":"2025-11-20T09:28:54","slug":"dvig-zavesti-posnetek-delavnice","status":"publish","type":"product","link":"https:\/\/pure-vibration.com\/shop\/izdelek\/dvig-zavesti-posnetek-delavnice\/","title":{"rendered":"Dvig zavesti (posnetek delavnice)"},"content":{"rendered":"<p>4-tedenska izkustvena delavnica za vi\u0161anje zavesti zajema globoke resnice in izjemno prakso vi\u0161anja zavesti, ki vklju\u010duje vse na\u0161e nivoje.<\/p>\n<p>Zajema tudi 4 izjemno mo\u010dne in podporne energijske seanse <a href=\"https:\/\/pure-vibration.com\/storitve\/individualni-programi\/energijske-seanse-in-terapije\/celostna-energijska-seansa\/\"><em><strong>PureVibe quantum healing<\/strong><\/em><\/a>, ki vas bodo izjemno\u00a0 podprle pri vi\u0161anju svoje vibracije in zavesti.<\/p>\n<p>Vsakokrat prejmete naloge in vaje za doma, kar vas bo izurilo v spoznavanju vi\u0161jih resnic in \u0161irilo tvojo zavest.<\/p>\n<p>Vaje na delavnici so zelo globoke in spro\u017eijo veliko procesiranja, zato so v veliko pomo\u010d energijske seanse, ki bodo te procese omilile in pohitrile, isto\u010dasno pa nam dovajale visoko vibracijo \u010diste ljubezni.<\/p>\n<p>Prejmete 4 video posnetke, vsak teden obdelate enega, da imate med tem \u010dasom mo\u017enost izvajati vaje, ki so pripravljene za tisti teden, in da vaje ponovite toliko krat, kot si \u017eelite, da pridete na naslednji nivo.<\/p>\n<p>&nbsp;<\/p>\n<p>Ve\u010d o delavnici <a href=\"https:\/\/pure-vibration.com\/storitve\/skupinski-programi\/tecaji-in-delavnice\/\"><strong>TUKAJ<\/strong><\/a>.<\/p>\n<p>&nbsp;<\/p>\n<p>&nbsp;<\/p>\n","protected":false},"excerpt":{"rendered":"<p><strong>Na delavnici bomo spoznali:<\/strong><\/p>\n<ol>\n<li>vse na\u0161e nivoje v podrobnosti<\/li>\n<li>posebne dihalne vaje za globlje spu\u0161\u010danje vase<\/li>\n<li>vaje in orodja za \u010di\u0161\u010denje in odstranjevanje energij, zastalih \u010dustev in misli, ki nam ne koristijo ve\u010d<\/li>\n<li>s tem pa naredili prostor za novo energijo, novo vibracijo, vi\u0161jo zavest<\/li>\n<li>vaje in orodja, kako nadzorovati svoje misli, kako se zdravo odzivati na svoja \u010dustva<\/li>\n<li>globoke vaje za iskanje vzrokov, ki nam ne dovolijo zaklju\u010diti lekcije in zrasti na svoji evolucijski poti<\/li>\n<li>posebne metodo iskanja blokad v na\u0161i preteklosti<\/li>\n<\/ol>\n<p>Naj se pri\u010dne va\u0161e popotovanje do vi\u0161je zavesti!<\/p>\n","protected":false},"featured_media":417,"template":"","meta":[],"product_brand":[],"product_cat":[24],"product_tag":[],"class_list":{"0":"post-416","1":"product","2":"type-product","3":"status-publish","4":"has-post-thumbnail","6":"product_cat-delavnice-in-tecaji","8":"first","9":"instock","10":"virtual","11":"purchasable","12":"product-type-simple"},"jetpack_sharing_enabled":true,"_links":{"self":[{"href":"https:\/\/pure-vibration.com\/shop\/wp-json\/wp\/v2\/product\/416","targetHints":{"allow":["GET"]}}],"collection":[{"href":"https:\/\/pure-vibration.com\/shop\/wp-json\/wp\/v2\/product"}],"about":[{"href":"https:\/\/pure-vibration.com\/shop\/wp-json\/wp\/v2\/types\/product"}],"wp:featuredmedia":[{"embeddable":true,"href":"https:\/\/pure-vibration.com\/shop\/wp-json\/wp\/v2\/media\/417"}],"wp:attachment":[{"href":"https:\/\/pure-vibration.com\/shop\/wp-json\/wp\/v2\/media?parent=416"}],"wp:term":[{"taxonomy":"product_brand","embeddable":true,"href":"https:\/\/pure-vibration.com\/shop\/wp-json\/wp\/v2\/product_brand?post=416"},{"taxonomy":"product_cat","embeddable":true,"href":"https:\/\/pure-vibration.com\/shop\/wp-json\/wp\/v2\/product_cat?post=416"},{"taxonomy":"product_tag","embeddable":true,"href":"https:\/\/pure-vibration.com\/shop\/wp-json\/wp\/v2\/product_tag?post=416"}],"curies":[{"name":"wp","href":"https:\/\/api.w.org\/{rel}","templated":true}]}}