{"id":441,"date":"2022-11-20T17:32:16","date_gmt":"2022-11-20T17:32:16","guid":{"rendered":"https:\/\/pure-vibration.com\/shop\/?post_type=product&#038;p=441"},"modified":"2024-11-16T19:51:50","modified_gmt":"2024-11-16T19:51:50","slug":"ahat-obdelan-manjsi","status":"publish","type":"product","link":"https:\/\/pure-vibration.com\/shop\/izdelek\/ahat-obdelan-manjsi\/","title":{"rendered":"Ahat &#8211; obdelan (manj\u0161i)"},"content":{"rendered":"<p>Ahat je dober <strong>za\u0161\u010ditni<\/strong> energijski kamen, \u0161e posebej za otroke, saj je zelo pomirjujo\u010d. Prav tako lahko pomaga okrepiti povezavo telesa z zemljo \u2013 <strong>prizemljuje<\/strong> in <strong>\u010disti auro<\/strong>. Lahko daje <strong>pogum<\/strong>, <strong>energijo<\/strong>, <strong>mo\u010d<\/strong> in razblini strahove, vse to pa pove\u010duje samozavest. Prav tako lahko zmanj\u0161a ob\u010dutke zavisti tako, da prizemlji \u010dustva. Je kamen <strong>harmonije<\/strong> in s tem, ko spravi elemente \u010dlovekovega bitja v harmonijo, mo\u010dno pospe\u0161i <strong>zdravljenje<\/strong>. Ahat krepi tudi <strong>ustvarjalnost<\/strong> in spodbuja intelekt. Velja za kamen, ki prina\u0161a sre\u010do.<\/p>\n<p>Ahat naj bi pomagal pri te\u017eavah z <strong>zobmi<\/strong> in dlesnimi, z o\u010dmi, <strong>\u010drevesjem<\/strong>, ledvicami, mehurjem, prostato. Pomaga tudi pri razstrupljanju in obolenjih <strong>ko\u017ee<\/strong>, izbolj\u0161uje elasti\u010dnost krvnih \u017eil ter spodbuja splo\u0161no <strong>vitalnost<\/strong>.<\/p>\n<p>Odvisno od njegove barve lahko <strong>podpira vsako \u010dakro<\/strong>.<br \/>\nPodpira element <strong>Kovine<\/strong>.<\/p>\n<p>&nbsp;<\/p>\n<p>&nbsp;<\/p>\n<p>Vsi kristali, kupljeni v Trgovini <strong><em>Pure Vibration SHOP<\/em><\/strong>, so energijsko \u010disti in energizirani.<\/p>\n<h4><strong>Posebnost KRISTALOV iz Trgovine Pure Vibration SHOP!<\/strong><\/h4>\n<p>Ob nakupu vsakega kristala prejmete:<\/p>\n<ol>\n<li><strong><em>Programiranje kristala<\/em><\/strong> (ob nakupu &#8211; <em>na blagajni pod <strong>Opombe<\/strong><\/em> &#8211; navedite, (1) komu je kristal namenjen in (2) podro\u010dje programiranja, druga\u010de bo kristal programiran na splo\u0161no \u2013 podrobnosti spodaj).<\/li>\n<li><strong><em>Personaliziran svetlobni simbol za \u010di\u0161\u010denje in krepitev lastnosti kristala<\/em><\/strong> za osebo, kateri je kristal namenjen (podrobnosti spodaj)<\/li>\n<\/ol>\n<p>&nbsp;<\/p>\n<ol>\n<li>Brezpla\u010dno programiranje kristala<\/li>\n<\/ol>\n<p>Vsak kristal je brezpla\u010dno personalizirano programiran, zato lepo prosimo, da ob naro\u010dilu (<em>na blagajni pod <strong>Opombe<\/strong><\/em>) navedete, <strong>komu je namenjen<\/strong>, ali pa ozna\u010dite \u00bbsplo\u0161no\u00ab, \u010de \u017eelite, da je programiran na splo\u0161no za vse, ki ga bodo uporabljali. Vsak kristal je brezpla\u010dno <strong>sprogramiram tudi za podro\u010dje<\/strong>, ki ga sami izberete (odnosi, ljubezen, finance, posel, sre\u010da, obilje, zdravje, dru\u017eina \u2026), kar ravno tako navedete ob naro\u010dilu (<em>na blagajni pod <strong>Opombe<\/strong><\/em>). Kristal bo imel ve\u010djo mo\u010d na tem podro\u010dju poleg lastnosti, ki jih \u017ee sam po sebi ima.<\/p>\n<ol start=\"2\">\n<li>Svetlobni simbol za \u010di\u0161\u010denje in krepitev lastnosti kristala<\/li>\n<\/ol>\n<p>Svetlobni simbol je personaliziran za to\u010dno ta kristal in osebo, kateri je namenjen (ob naro\u010dilu lahko ozna\u010dite tudi \u00bbsplo\u0161no\u00ab (<em>na blagajni pod <strong>Opombe<\/strong><\/em>), \u010de ni namenjen to\u010dno dolo\u010deni osebi). Namen tega simbola je, da je \u010disti in ponovno okrepi lastnosti samega kristala ter lastnosti, ki so bile sprogramirane s tem kristalom.<br \/>\n<strong><br \/>\nUPORABA<\/strong>: Ob potrebi \u010dez no\u010d kristal postavite na ta simbol, ki bokristal pre\u010distil in energiziral. Lahko ga postavite na simbol tudi po vsaki uporabi.<\/p>\n<p><strong>Brezpla\u010dna dostava po Sloveniji za vsa naro\u010dila nad 50 \u20ac.<\/strong><\/p>\n<p>&nbsp;<\/p>\n<p><em>* Paket, ki ga prejmete: kupljen\/i kristal\/i v mo\u0161nji\u010dku, Svetlobna koda.<\/em><\/p>\n<p><em>**Slika je <strong>simboli\u010dna<\/strong>, saj gre za\u00a0<strong>unikatne izdelke in naravne kamne<\/strong>, ki se lahko med seboj razlikujejo po obliki in barvnem odtenku.<\/em><\/p>\n<p><em>*** Ob zdravstvenih te\u017eavah se vedno posvetujte z zdravnikom. Delo s kristali nikoli ne nadomesti zdravni\u0161kih navodil.<\/em><\/p>\n","protected":false},"excerpt":{"rendered":"<p>Za\u0161\u010dita &#8211; mo\u010d &#8211; vitalnost<\/p>\n<p>\u017depni kristal za vsakodnevno podporo ali za okras.<\/p>\n<p><em>Vsi kristali so energijsko pre\u010di\u0161\u010deni in personalizirano programirani. Z vsakim kristalom prejmete tudi Svetlobni simbol. Ve\u010d spodaj.<\/em><\/p>\n<p><em>Podatke (komu je namenjen kristal, za katero podpro\u010dje) zapi\u0161ete na blagajni pod <strong>Opombe<\/strong>.<\/em><\/p>\n","protected":false},"featured_media":442,"template":"","meta":[],"product_brand":[],"product_cat":[15],"product_tag":[],"class_list":{"0":"post-441","1":"product","2":"type-product","3":"status-publish","4":"has-post-thumbnail","6":"product_cat-kristali","8":"first","9":"outofstock","10":"shipping-taxable","11":"purchasable","12":"product-type-simple"},"jetpack_sharing_enabled":true,"_links":{"self":[{"href":"https:\/\/pure-vibration.com\/shop\/wp-json\/wp\/v2\/product\/441","targetHints":{"allow":["GET"]}}],"collection":[{"href":"https:\/\/pure-vibration.com\/shop\/wp-json\/wp\/v2\/product"}],"about":[{"href":"https:\/\/pure-vibration.com\/shop\/wp-json\/wp\/v2\/types\/product"}],"wp:featuredmedia":[{"embeddable":true,"href":"https:\/\/pure-vibration.com\/shop\/wp-json\/wp\/v2\/media\/442"}],"wp:attachment":[{"href":"https:\/\/pure-vibration.com\/shop\/wp-json\/wp\/v2\/media?parent=441"}],"wp:term":[{"taxonomy":"product_brand","embeddable":true,"href":"https:\/\/pure-vibration.com\/shop\/wp-json\/wp\/v2\/product_brand?post=441"},{"taxonomy":"product_cat","embeddable":true,"href":"https:\/\/pure-vibration.com\/shop\/wp-json\/wp\/v2\/product_cat?post=441"},{"taxonomy":"product_tag","embeddable":true,"href":"https:\/\/pure-vibration.com\/shop\/wp-json\/wp\/v2\/product_tag?post=441"}],"curies":[{"name":"wp","href":"https:\/\/api.w.org\/{rel}","templated":true}]}}