{"id":562,"date":"2023-12-08T11:26:04","date_gmt":"2023-12-08T11:26:04","guid":{"rendered":"https:\/\/pure-vibration.com\/shop\/?post_type=product&#038;p=562"},"modified":"2025-11-30T12:45:21","modified_gmt":"2025-11-30T12:45:21","slug":"kaj-ti-prinasa-leto-2026-porocilo","status":"publish","type":"product","link":"https:\/\/pure-vibration.com\/shop\/izdelek\/kaj-ti-prinasa-leto-2026-porocilo\/","title":{"rendered":"Kaj ti ponuja leto 2026? &#8211; poro\u010dilo"},"content":{"rendered":"<h2>Kaj ti ponuja leto 2026?<\/h2>\n<p><strong>PDF personaliziran vodnik po letu 2026 to\u010dno zate.<\/strong><\/p>\n<p>Poro\u010dilo te vodi skozi celo leto 2026 &#8211; natan\u010dneje, med 4. 2. 2026 in 3. 2. 2027, saj se leto v tej duhovni veji TKM odvija v tem obdobju.<\/p>\n<p>Energija leta te lahko vsako leto podpira, ali pa ovira. Na tebi je, kaj bo\u0161 izbral.<\/p>\n<p>V tem vodniku bo\u0161 prejel smernice, ki te bodo vodile in te podpirale skozi leto, da bo slednje potekalo \u010dim bolj gladko, lahkotno, radostno, zadovoljno, da bo\u0161 lahko izkusil \u010dim ve\u010d obilja, dobrih odnosov, zdravja, notranjega miru in sre\u010de.<\/p>\n<p>Ta duhovna veja TKM, imenovana <strong>9 star Ki<\/strong>, se je razvijala tiso\u010dletja, da lahko danes poda tako natan\u010dne podatke o vsakemu psoamezniku.<\/p>\n<p>Podari sebi ali svojim dragim ta neprecenljiv vodnik po letu 2023, ki bo vsakega podprl in mu podal smernice za lahkotno leto 2025.<\/p>\n<p>&nbsp;<\/p>\n<p>Ve\u010d o branju obraza in metodi 9 star ki, iz katerih se razbere Izvorna koda, pa najdete <a href=\"https:\/\/pure-vibration.com\/storitve\/individualni-programi\/izvorna-koda\/\"><strong>TUKAJ<\/strong><\/a>.<\/p>\n","protected":false},"excerpt":{"rendered":"<p>Personaliziran osebni vodnik po letu 2026 to\u010dno zate &#8211; ustvarjen po posebni metodi, stari 4000 leti, imenovani 9 star KI.<\/p>\n<p><em><strong>Dovoli si, da te energije podpirajo, ne pa ovirajo.<\/strong><\/em> Z znanjem, kako delovati v letu 2025, te bodo energije vsekakor podprle za lahkotno, uspe\u0161no, zadovoljno in sre\u010dno leto 2026.<\/p>\n","protected":false},"featured_media":1333,"template":"","meta":[],"product_brand":[],"product_cat":[28],"product_tag":[],"class_list":{"0":"post-562","1":"product","2":"type-product","3":"status-publish","4":"has-post-thumbnail","6":"product_cat-izvorna-koda","8":"first","9":"instock","10":"featured","11":"virtual","12":"purchasable","13":"product-type-simple"},"jetpack_sharing_enabled":true,"_links":{"self":[{"href":"https:\/\/pure-vibration.com\/shop\/wp-json\/wp\/v2\/product\/562","targetHints":{"allow":["GET"]}}],"collection":[{"href":"https:\/\/pure-vibration.com\/shop\/wp-json\/wp\/v2\/product"}],"about":[{"href":"https:\/\/pure-vibration.com\/shop\/wp-json\/wp\/v2\/types\/product"}],"wp:featuredmedia":[{"embeddable":true,"href":"https:\/\/pure-vibration.com\/shop\/wp-json\/wp\/v2\/media\/1333"}],"wp:attachment":[{"href":"https:\/\/pure-vibration.com\/shop\/wp-json\/wp\/v2\/media?parent=562"}],"wp:term":[{"taxonomy":"product_brand","embeddable":true,"href":"https:\/\/pure-vibration.com\/shop\/wp-json\/wp\/v2\/product_brand?post=562"},{"taxonomy":"product_cat","embeddable":true,"href":"https:\/\/pure-vibration.com\/shop\/wp-json\/wp\/v2\/product_cat?post=562"},{"taxonomy":"product_tag","embeddable":true,"href":"https:\/\/pure-vibration.com\/shop\/wp-json\/wp\/v2\/product_tag?post=562"}],"curies":[{"name":"wp","href":"https:\/\/api.w.org\/{rel}","templated":true}]}}