{"id":597,"date":"2023-01-23T17:28:43","date_gmt":"2023-01-23T17:28:43","guid":{"rendered":"https:\/\/pure-vibration.com\/shop\/?post_type=product&#038;p=597"},"modified":"2025-10-28T13:13:48","modified_gmt":"2025-10-28T13:13:48","slug":"talismani-moci","status":"publish","type":"product","link":"https:\/\/pure-vibration.com\/shop\/izdelek\/talismani-moci\/","title":{"rendered":"Talismani mo\u010di"},"content":{"rendered":"<p>&nbsp;<\/p>\n<p>Va\u0161i ro\u010dno izdelani, unikatni osebni talismani se nosijo v denarnici in vam prina\u0161ajo mo\u010di sre\u010de, zdravja in obilja.<\/p>\n<p>V kompletu so 3 mali talismani, in sicer:<\/p>\n<ul>\n<li><strong>3 zvezdice<\/strong> &#8211; talisman obilja<\/li>\n<li><strong>komet<\/strong> &#8211; talisman sre\u010de<\/li>\n<li><strong>sfera<\/strong> &#8211; talisman zdravja<\/li>\n<\/ul>\n<p>V te talismane je vtisnjena <em><strong>svetlobna koda obilja, sre\u010de in zdravja<\/strong><\/em>. Ti 3 talismani delujejo na osebo, ki jih ima v svoji bli\u017eini, na primer v denarici.<\/p>\n<p><strong>UPORABA<\/strong>: vse 3 talismane shranite npr. v svojo denarnico, da so ves \u010das ob vas. So lahki in majhni, ne bodo zavzeli veliko prostora (premer cca. 1 cm).<\/p>\n<p>Talismane lahko poklonite tudi kot darilo.<\/p>\n<p>&nbsp;<\/p>\n<p><em>*Ob zdravstvenih te\u017eavah se vedno posvetujte z zdravnikom. Izdelki iz trgovine Pure Vibration SHOP nikoli ne nadomestijo zdravni\u0161ke obravnave.<\/em><\/p>\n<p><strong>\u00a0**<\/strong><em>Slika je <strong>simboli\u010dna<\/strong>, saj gre za\u00a0<strong>unikatne, ro\u010dno izdelane Talismane mo\u010di<\/strong>.<\/em><\/p>\n<p>&nbsp;<\/p>\n","protected":false},"excerpt":{"rendered":"<p>Ro\u010dno izdelani &#8211; unikatni talismani mo\u010di za sre\u010do, zdravje in obilje.<\/p>\n<p>Za v denarnico ali v \u017eep.<\/p>\n<p>Majhni, lahki, primerni kot darilo ali za osebno rabo. Talismani mo\u010di so programirani s <strong><em>Svetlobno kodo za sre\u010do, zdravje in obilje<\/em><\/strong>.<\/p>\n","protected":false},"featured_media":598,"template":"","meta":[],"product_brand":[],"product_cat":[26],"product_tag":[],"class_list":{"0":"post-597","1":"product","2":"type-product","3":"status-publish","4":"has-post-thumbnail","6":"product_cat-drugo","8":"first","9":"instock","10":"shipping-taxable","11":"purchasable","12":"product-type-simple"},"jetpack_sharing_enabled":true,"_links":{"self":[{"href":"https:\/\/pure-vibration.com\/shop\/wp-json\/wp\/v2\/product\/597","targetHints":{"allow":["GET"]}}],"collection":[{"href":"https:\/\/pure-vibration.com\/shop\/wp-json\/wp\/v2\/product"}],"about":[{"href":"https:\/\/pure-vibration.com\/shop\/wp-json\/wp\/v2\/types\/product"}],"wp:featuredmedia":[{"embeddable":true,"href":"https:\/\/pure-vibration.com\/shop\/wp-json\/wp\/v2\/media\/598"}],"wp:attachment":[{"href":"https:\/\/pure-vibration.com\/shop\/wp-json\/wp\/v2\/media?parent=597"}],"wp:term":[{"taxonomy":"product_brand","embeddable":true,"href":"https:\/\/pure-vibration.com\/shop\/wp-json\/wp\/v2\/product_brand?post=597"},{"taxonomy":"product_cat","embeddable":true,"href":"https:\/\/pure-vibration.com\/shop\/wp-json\/wp\/v2\/product_cat?post=597"},{"taxonomy":"product_tag","embeddable":true,"href":"https:\/\/pure-vibration.com\/shop\/wp-json\/wp\/v2\/product_tag?post=597"}],"curies":[{"name":"wp","href":"https:\/\/api.w.org\/{rel}","templated":true}]}}