{"id":668,"date":"2023-03-23T18:26:33","date_gmt":"2023-03-23T18:26:33","guid":{"rendered":"https:\/\/pure-vibration.com\/shop\/?post_type=product&#038;p=668"},"modified":"2023-03-31T06:03:37","modified_gmt":"2023-03-31T06:03:37","slug":"delavnica-in-posvet-harmonicno-hujsanje","status":"publish","type":"product","link":"https:\/\/pure-vibration.com\/shop\/izdelek\/delavnica-in-posvet-harmonicno-hujsanje\/","title":{"rendered":"Delavnica in posvet &#8211; Harmoni\u010dno huj\u0161anje"},"content":{"rendered":"<h2><strong>Celostni program &#8211; Harmoni\u010dno huj\u0161anje<\/strong><\/h2>\n<p>&nbsp;<\/p>\n<blockquote><p>Nov koncept huj\u0161anja, primeren za \u010disto vse.<\/p><\/blockquote>\n<p>&nbsp;<\/p>\n<p>Ker nismo le fizi\u010dno telo, ampak celota: telo, um, \u010dustva in energija.<\/p>\n<p>\u010ce en del ne deluje, ne deluje noben. Vsi deli so med seboj povezani, vedno. Karkoli delamo, moramo upo\u0161tevati telo kot celoto, \u010de \u017eelimo priti do trajnih rezultatov.<\/p>\n<p>Tako je tudi pri huj\u0161anju. Nekaj \u010dasa gre, ko pazimo pri prehrani in gibanju, nato pa se zaustavi ali pademo nazaj na stara pota.<\/p>\n<p>Ne rabimo se vpisati v dolgotrajne terapije, lahko pa gremo v program, ki nam omogo\u010da harmonziranje vseh teh delov sebe, da se ponovno uravnajo na frekvenco zdravja in harmonije.<\/p>\n<h2><strong>Program Harmoni\u010dno huj\u0161anje<\/strong><\/h2>\n<p>Ta program huj\u0161anja zajema 3 dele.<\/p>\n<h3>1. del: ePriro\u010dnik &#8220;ABC huj\u0161anja &#8211; celostno&#8221;<\/h3>\n<p>Prvi del, ki je <strong>osnova\u00a0<\/strong>za naprej, je<strong> ePriro\u010dnik: &#8220;ABC huj\u0161anja &#8211; celostno&#8221;<\/strong> &#8211; smernice za zdravo huj\u0161anje po na\u010delih naturopatije in TKM. \u010ce ga \u0161e nima\u0161, si ga lahko brezpla\u010dno prenese\u0161 <strong><a href=\"https:\/\/www.subscribepage.com\/abc_hujsanja_celostno\">TUKAJ<\/a><\/strong>.<\/p>\n<h3>2. del: Delavnica Harmoni\u010dno huj\u0161anje<\/h3>\n<p>Na tej delavnici, ki bo globoka izku\u0161nja za marsikaterega udele\u017eenca, bomo \u0161li globoko v vse nivoje.<\/p>\n<p>Skozi razli\u010dne meditacije, rituale, kode in coaching bomo poskrbeli za:<\/p>\n<ul>\n<li><strong>pre\u010di\u0161\u010devanje\u00a0<\/strong>zastojev, ki nam onemogo\u010dijo, da pridemo do zdrave telesne te\u017ee<\/li>\n<li>ustvarjanje\u00a0<strong>ravnovesja\u00a0<\/strong>v vseh na\u0161ih sistemih, da pri\u010dne telo spet delovati, kot mu je namenjeno<\/li>\n<li><strong>harmoniziranje\u00a0<\/strong>vseh na\u0161ih teles, da delujejo sinhrono in optimalno<\/li>\n<li><strong>krepitev\u00a0<\/strong>vseh sistemov, ki so potrebni za optimalno delovanje nas kot celote<\/li>\n<\/ul>\n<div class=\"x1e56ztr\"><span class=\"x193iq5w xeuugli x13faqbe x1vvkbs x1xmvt09 x6prxxf xvq8zen xo1l8bm xzsf02u\"><b>Delavnica bo globoka izku\u0161nja sebe<\/b> &#8211; \u010distili in podpirali bomo \u010disto vse 4 nivoje (fizi\u010dnega, umskega, \u010dustvenega in energijskega) in iskali vzroke, zakaj na\u0161 sistem ne deluje ve\u010d, kot bi moral, kar nam ka\u017ee to, da ne moremo izgubiti in\/ali ohraniti svoje te\u017ee.<\/span><\/div>\n<div><\/div>\n<div class=\"x1e56ztr\"><span class=\"x193iq5w xeuugli x13faqbe x1vvkbs x1xmvt09 x6prxxf xvq8zen xo1l8bm xzsf02u\"><b>Skozi kvantno meditacijo, energijsko \u010di\u0161\u010denje in harmoniziranje, coaching in intuitivne vaje ter svetlobne kode bomo rahljali te zastoje in ustvarjale temelje za zdrav \u017eivljenjski slog.<\/b><\/span><\/div>\n<div><\/div>\n<div class=\"x1e56ztr\"><span class=\"x193iq5w xeuugli x13faqbe x1vvkbs x1xmvt09 x6prxxf xvq8zen xo1l8bm xzsf02u\">Med drugim bomo &#8220;<b>nahranili&#8221; na\u0161ega notranjega otroka<\/b> in prejeli<b> rituale za doma\u010do rabo<\/b>, ko nam bo vse popadlo dol &#8230; ker lahko verjamete, da ni enostavno in se bodo zgodili zlomi &#8230; takrat pa potrebujemo orodja, kako nadaljevati.<br \/>\n<\/span><\/div>\n<p>&nbsp;<\/p>\n<p>Namera delavnice bo zdravo huj\u0161anje in ohranjanje zdrave telesne te\u017ee.<\/p>\n<h3>3. del: individualni posvet<\/h3>\n<p>Individualni spletni posvet na podlagi vpra\u0161alnika in osebnega pogovora, kjer prejmete infroamcije o svoji konstituciji in kaj je to\u010dno za vas primerno, kaj \u0161kodljivo, \u010demu se je treba izogniti, kaj bi bilo potrebno spremeniti.<\/p>\n<p>Jasna navodila glede konstitucije, hrane, pija\u010de, dodatkov in probiotikov.<\/p>\n<p>&nbsp;<\/p>\n<p>&nbsp;<\/p>\n<h4><strong>Kaj pravijo udele\u017eenke programa:<\/strong><\/h4>\n<table width=\"332\">\n<tbody>\n<tr>\n<td width=\"332\">Draga Brigita\u2764, hvala\ud83d\ude4f za v\u010deraj\u0161njo delavnico. Pri\u0161la sem do novih spoznanj od kdaj in zakaj so se mi za\u010deli kopi\u010diti kilogrami. Solze so kar tekle, to ni bil jok, bil je ob\u010dutek zdravilnega \u010di\u0161\u010denja potla\u010denih emocij.<br \/>\nZ velikim zanimanjem sem vas poslu\u0161ala in delala zapiske, ki jih danes z veseljem prebiram.<br \/>\nIz dna srca hvala, hvala za pomo\u010d iz za\u010daranega kroga dolgoletne borbe z odve\u010dnimi kilogrami. Vsaki\u010d, ko vidim obilnej\u0161o osebo, se vpra\u0161am, kak\u0161na \u017eivljenjska zgodba jo je pripeljala do take postave?<br \/>\nJaz sem v\u010deraj z va\u0161o pomo\u010djo kon\u010dno na\u0161la vzrok mojega \u010dustvenega prenajedanja. Prepri\u010dana sem, da se bo marsikdo na\u0161el v tej zgodbi.<br \/>\nMenim, da premalokrat pohvalimo in poka\u017eemo hvale\u017enost ljudem, ki nam pomagajo premagati bole\u010dine in traume, ki so se leta kopi\u010dile in nas pripeljale do odve\u010dnih kilogramov. Vse preve\u010d je kritik in negative, ki nas nevede povle\u010dejo v nizke vibracije.<br \/>\nVi ste topla oseba, ki daje upanje vsem nam, ki smo \u017ee obupali, posku\u0161ali z marsi\u010dem in enostavno nismo ve\u010d zmogli.<br \/>\nIz srca\u2764hvala\ud83d\ude4f.<br \/>\nVeeelik objem\ud83e\udd17 vam po\u0161iljam z \u017eeljo, da se sre\u010dava \u0161e v \u017eivo.<br \/>\nLep vikend vam \u017eelim\u2600\ufe0f.<br \/>\nPozdrav\u010dek<br \/>\nKsenija\ud83d\ude42<\/p>\n<table width=\"332\">\n<tbody>\n<tr>\n<td width=\"332\">Brigita, super uvodno brezpla\u010dno predavanje! Kon\u010dno nekdo, ki se loti zadeve o huj\u0161anju celostno. O pravilni prehrani, gibanju, glikemi\u010dnem indeksu, prehranski piramidi&#8230;&#8230;vse to mi je \u017ee\u00a0 jasno in in tudi o shuj\u0161evalnih dietah lahko prebere\u0161 na spletu kadarkoli.\u00a0 Sama se nisem imela namena udele\u017eit nadaljevanja delavnice, saj niti nimam ne vem kak\u0161nih &#8220;problemov&#8221; s te\u017eo, ker jo posku\u0161am vzdr\u017eevat z gibanjem in kolikor toliko pravilno prehrano, lahko pa bi imela kak\u0161en 3 kg manj, Po uvodnem brezpla\u010dnem webinarju\u00a0 sem spoznala, da bo to druga\u010den pristop. Vesela sem, da sem poslu\u0161ala svoj notranji glas in\u00a0 sem udele\u017eila nadaljevalne , res mi ni \u017eal, Dobila sem vpogled in odgovore v to, kar je o\u010dem skrito ( \u010dustva, prepri\u010danja, vzorci od\u00a0 star\u0161ev in svojih, ki sem jih pridobila od njih,\u00a0 energijsko zaznavanje&#8230;ki so povezani s hrano) skozi kratke meditacije, da o tvoji\u00a0 podpori s svetlobnimi kodami ne govorim. V\u0161e\u010d mi , da je vse to posneto in lahko uporabim meditacijo kadarkoli, ko se mi zdi , da jo potrebujem. Rituale, ki si nam jih delila, so pa itak\u00a0 \u010darobni.\u00a0\u00a0\u00a0 A ve\u0161, tisti ob\u010dutek, o zdaj bi pa \u0161e \u010dokolado&#8230;&#8230;.ozavesti\u0161&#8230;.naredi\u0161 ritual.., ki traja samo min, dve .in \u017eelja izgine. Vau! Deluje! Hvala, hvala, hvala!<\/td>\n<\/tr>\n<\/tbody>\n<\/table>\n<\/td>\n<\/tr>\n<\/tbody>\n<\/table>\n","protected":false},"excerpt":{"rendered":"<p>3-urna celostna delavnica, ki vam bo podala konkretne smernice, primerne za vse nas.<\/p>\n<p>Globoka izku\u0161anja, ne le na fizi\u010dnem, ampak tudi umskem, \u010dustvenem in energisjkem nivoju.<\/p>\n<p>Do ciljev si bomo pomagali z rituali, coachingom, izredno globoko transformativno meditacijo in ciljnimi svetlobnimi kodami. Izku\u0161nja, ki vas ne bo pustile ravnodu\u0161ne!<\/p>\n<p>Osebni posvet pa je zgodba zase, da najdeva ovire in sestaviva natan\u010den personalizirani na\u010drt, ki je primeren to\u010dno za va\u0161e potrebe in trenutno stanje.<\/p>\n","protected":false},"featured_media":678,"template":"","meta":[],"product_brand":[],"product_cat":[24],"product_tag":[],"class_list":{"0":"post-668","1":"product","2":"type-product","3":"status-publish","4":"has-post-thumbnail","6":"product_cat-delavnice-in-tecaji","8":"first","9":"instock","10":"downloadable","11":"virtual","12":"purchasable","13":"product-type-simple"},"jetpack_sharing_enabled":true,"_links":{"self":[{"href":"https:\/\/pure-vibration.com\/shop\/wp-json\/wp\/v2\/product\/668","targetHints":{"allow":["GET"]}}],"collection":[{"href":"https:\/\/pure-vibration.com\/shop\/wp-json\/wp\/v2\/product"}],"about":[{"href":"https:\/\/pure-vibration.com\/shop\/wp-json\/wp\/v2\/types\/product"}],"wp:featuredmedia":[{"embeddable":true,"href":"https:\/\/pure-vibration.com\/shop\/wp-json\/wp\/v2\/media\/678"}],"wp:attachment":[{"href":"https:\/\/pure-vibration.com\/shop\/wp-json\/wp\/v2\/media?parent=668"}],"wp:term":[{"taxonomy":"product_brand","embeddable":true,"href":"https:\/\/pure-vibration.com\/shop\/wp-json\/wp\/v2\/product_brand?post=668"},{"taxonomy":"product_cat","embeddable":true,"href":"https:\/\/pure-vibration.com\/shop\/wp-json\/wp\/v2\/product_cat?post=668"},{"taxonomy":"product_tag","embeddable":true,"href":"https:\/\/pure-vibration.com\/shop\/wp-json\/wp\/v2\/product_tag?post=668"}],"curies":[{"name":"wp","href":"https:\/\/api.w.org\/{rel}","templated":true}]}}