{"id":916,"date":"2025-01-23T18:31:22","date_gmt":"2025-01-23T18:31:22","guid":{"rendered":"https:\/\/pure-vibration.com\/shop\/?post_type=product&#038;p=916"},"modified":"2025-03-11T19:31:16","modified_gmt":"2025-03-11T19:31:16","slug":"svetlobna-seansa","status":"publish","type":"product","link":"https:\/\/pure-vibration.com\/shop\/izdelek\/svetlobna-seansa\/","title":{"rendered":"Svetlobna seansa"},"content":{"rendered":"<div>\n<p>&nbsp;<\/p>\n<p><strong>Svetlobna seansa<\/strong> je energijska terapija, ki s pomo\u010djo aktivacij s svetlobnim jezikom prina\u0161a celostno ravnovesje in harmonijo na vseh nivojih \u2013 telesnem, \u010dustvenem, umskem, energijskem in duhovnem. Vsaka seansa je prilagojena va\u0161im potrebam in lahko slu\u017ei kot podpora pri spro\u0161\u010danju stresa, odstranjevanju energijskih blokad, krepitvi notranje mo\u010di, izbolj\u0161anju intuicije, celi\u010dni obnovi, doseganju globokega miru, aktivaciji DNK itd.<\/p>\n<p>Z izbiro specifi\u010dne namere lahko svetlobna seansa pomaga pri preobrazbi dolo\u010denega \u017eivljenjskega izziva, odpiranju va\u0161ih potencialov ali preprosto dvigu va\u0161e vibracije. Gre za izjemno globoko, a ne\u017eno metodo, ki nas pove\u017ee z izvorno energijo, spodbuja regeneracijo in odpira vrata va\u0161i resni\u010dni energijski mo\u010di.<\/p>\n<p>Do\u017eivite ob\u010dutek vrnitve &#8220;domov&#8221;, \u010diste radosti in globokega miru v du\u0161i.<\/p>\n<p>\u2728\u2728\u2728<\/p>\n<\/div>\n<div><\/div>\n<div><span class=\"html-span xdj266r x11i5rnm xat24cr x1mh8g0r xexx8yu x4uap5 x18d9i69 xkhd6sd x1hl2dhg x16tdsg8 x1vvkbs\"><strong class=\"html-strong xdj266r x11i5rnm xat24cr x1mh8g0r xexx8yu x4uap5 x18d9i69 xkhd6sd x1hl2dhg x16tdsg8 x1vvkbs x1s688f\">Seanse na daljavo\u00a0<\/strong><\/span>so ravno tako u\u010dinkovite kot v \u017eivo, s tem, da podporo prejemate z udobja svojega doma in lahko tudi zaspite ali po\u010divate dlje \u010dasa, kot bi lahko v \u017eivo. Le\u017eite 30-60 min ali ve\u010d, kot \u010dutite.<\/div>\n<div><\/div>\n<div>\n<div class=\"html-div xdj266r x11i5rnm xat24cr x1mh8g0r xexx8yu x4uap5 x18d9i69 xkhd6sd\" tabindex=\"-1\">\n<div class=\"html-div xdj266r x11i5rnm x1mh8g0r xexx8yu x4uap5 x18d9i69 xkhd6sd x1e56ztr\"><span class=\"x193iq5w xeuugli x13faqbe x1vvkbs x1xmvt09 x6prxxf xvq8zen xo1l8bm xzsf02u\"><strong>\u010ce \u017ee imate dolo\u010dene izzive v \u017eivljenju:<\/strong><br \/>\n<\/span><\/div>\n<div><\/div>\n<\/div>\n<div class=\"html-div xdj266r x11i5rnm xat24cr x1mh8g0r xexx8yu x4uap5 x18d9i69 xkhd6sd\" tabindex=\"-1\">\n<ul>\n<li class=\"html-li xdj266r x11i5rnm xat24cr x1mh8g0r xexx8yu x4uap5 x18d9i69 xkhd6sd x1n2onr6 x1twzsvi\">\n<div class=\"html-div xdj266r x11i5rnm x1mh8g0r xexx8yu x4uap5 x18d9i69 xkhd6sd x1e56ztr\"><span class=\"x193iq5w xeuugli x13faqbe x1vvkbs x1xmvt09 x6prxxf xvq8zen xo1l8bm xzsf02u\">morda te\u017eave na fizi\u010dni ravni (bole\u010dine, obdobje okrevanja, kroni\u010dne bolezni &#8230;),<\/span><\/div>\n<\/li>\n<\/ul>\n<\/div>\n<div class=\"html-div xdj266r x11i5rnm xat24cr x1mh8g0r xexx8yu x4uap5 x18d9i69 xkhd6sd\" tabindex=\"-1\">\n<ul>\n<li class=\"html-li xdj266r x11i5rnm xat24cr x1mh8g0r xexx8yu x4uap5 x18d9i69 xkhd6sd x1n2onr6 x1twzsvi\">\n<div class=\"html-div xdj266r x11i5rnm x1mh8g0r xexx8yu x4uap5 x18d9i69 xkhd6sd x1e56ztr\"><span class=\"x193iq5w xeuugli x13faqbe x1vvkbs x1xmvt09 x6prxxf xvq8zen xo1l8bm xzsf02u\">morda v odnosih, karieri, partnerstvu,<br \/>\n<\/span><\/div>\n<\/li>\n<\/ul>\n<\/div>\n<div class=\"html-div xdj266r x11i5rnm xat24cr x1mh8g0r xexx8yu x4uap5 x18d9i69 xkhd6sd\" tabindex=\"-1\">\n<ul>\n<li class=\"html-li xdj266r x11i5rnm xat24cr x1mh8g0r xexx8yu x4uap5 x18d9i69 xkhd6sd x1n2onr6 x1twzsvi\">\n<div class=\"html-div xdj266r x11i5rnm x1mh8g0r xexx8yu x4uap5 x18d9i69 xkhd6sd x1e56ztr\"><span class=\"x193iq5w xeuugli x13faqbe x1vvkbs x1xmvt09 x6prxxf xvq8zen xo1l8bm xzsf02u\">morda je preve\u010d stresa, iz\u010drpanosti, je \u017ee prisotna izgorelost,<br \/>\n<\/span><\/div>\n<\/li>\n<\/ul>\n<\/div>\n<div class=\"html-div xdj266r x11i5rnm xat24cr x1mh8g0r xexx8yu x4uap5 x18d9i69 xkhd6sd\" tabindex=\"-1\">\n<ul>\n<li class=\"html-li xdj266r x11i5rnm xat24cr x1mh8g0r xexx8yu x4uap5 x18d9i69 xkhd6sd x1n2onr6 x1twzsvi\">\n<div class=\"html-div xdj266r x11i5rnm x1mh8g0r xexx8yu x4uap5 x18d9i69 xkhd6sd x1e56ztr\"><span class=\"x193iq5w xeuugli x13faqbe x1vvkbs x1xmvt09 x6prxxf xvq8zen xo1l8bm xzsf02u\">ne moremo iz svojega omejujo\u010dega kroga vzorcev in prepri\u010danj ter tudi zastalih \u010dustev,<\/span><\/div>\n<\/li>\n<\/ul>\n<\/div>\n<div class=\"html-div xdj266r x11i5rnm xat24cr x1mh8g0r xexx8yu x4uap5 x18d9i69 xkhd6sd\" tabindex=\"-1\">\n<ul>\n<li class=\"html-li xdj266r x11i5rnm xat24cr x1mh8g0r xexx8yu x4uap5 x18d9i69 xkhd6sd x1n2onr6 x1twzsvi\">\n<div class=\"html-div xdj266r x11i5rnm x1mh8g0r xexx8yu x4uap5 x18d9i69 xkhd6sd x1e56ztr\">\n<p><span class=\"x193iq5w xeuugli x13faqbe x1vvkbs x1xmvt09 x6prxxf xvq8zen xo1l8bm xzsf02u\">lahko se samo ne najdete \u0161e v tem \u017eivljenju in potrebujete podporo, da najdete svoje poslanstvo,<\/span><\/p>\n<p>&nbsp;<\/p>\n<\/div>\n<\/li>\n<li>in \u0161e mnogo mnogo drugega &#8230;<\/li>\n<\/ul>\n<p>&#8230; vas vabim, da do\u017eivite globoko transformacijo.<\/p>\n<\/div>\n<p>\u2728\u2728\u2728<\/p>\n<p>Ve\u010d o svetlobnem jeziku si lahko preberete <strong><a href=\"https:\/\/pure-vibration.com\/aktivacije-s-svetlobnim-jezikom\/\">TUKAJ<\/a><\/strong>.<\/p>\n<\/div>\n","protected":false},"excerpt":{"rendered":"<p>Aktivacija s svetlobnim jezikom za splo\u0161no harmonijo ali za to\u010dno dolo\u010den izziv v va\u0161em \u017eivljenju. Vi\u0161anje vibracije, aktivacija DNK, odstranjevanje energijskih zastojev, krepitev intuicije in drugih darov, celi\u010dna regeneracija itd.<\/p>\n<p>Ugoden paket 4 svetlobnih seans pa najdete <strong><a href=\"https:\/\/pure-vibration.com\/shop\/izdelek\/paket-svetlobnih-seans\/\">TUKAJ<\/a><\/strong>.<\/p>\n<p>&nbsp;<\/p>\n","protected":false},"featured_media":1122,"template":"","meta":[],"product_brand":[],"product_cat":[37],"product_tag":[31,33,32,30],"class_list":{"0":"post-916","1":"product","2":"type-product","3":"status-publish","4":"has-post-thumbnail","6":"product_cat-svetlobne-energijske-podpore","7":"product_tag-aktivacija-s-svetlobnim-jezikom","8":"product_tag-energijska-podpora","9":"product_tag-svetlobne-kode","10":"product_tag-svetlobni-jezik","12":"first","13":"instock","14":"virtual","15":"purchasable","16":"product-type-simple"},"jetpack_sharing_enabled":true,"_links":{"self":[{"href":"https:\/\/pure-vibration.com\/shop\/wp-json\/wp\/v2\/product\/916","targetHints":{"allow":["GET"]}}],"collection":[{"href":"https:\/\/pure-vibration.com\/shop\/wp-json\/wp\/v2\/product"}],"about":[{"href":"https:\/\/pure-vibration.com\/shop\/wp-json\/wp\/v2\/types\/product"}],"wp:featuredmedia":[{"embeddable":true,"href":"https:\/\/pure-vibration.com\/shop\/wp-json\/wp\/v2\/media\/1122"}],"wp:attachment":[{"href":"https:\/\/pure-vibration.com\/shop\/wp-json\/wp\/v2\/media?parent=916"}],"wp:term":[{"taxonomy":"product_brand","embeddable":true,"href":"https:\/\/pure-vibration.com\/shop\/wp-json\/wp\/v2\/product_brand?post=916"},{"taxonomy":"product_cat","embeddable":true,"href":"https:\/\/pure-vibration.com\/shop\/wp-json\/wp\/v2\/product_cat?post=916"},{"taxonomy":"product_tag","embeddable":true,"href":"https:\/\/pure-vibration.com\/shop\/wp-json\/wp\/v2\/product_tag?post=916"}],"curies":[{"name":"wp","href":"https:\/\/api.w.org\/{rel}","templated":true}]}}